{"id":281,"date":"2025-08-13T21:52:11","date_gmt":"2025-08-13T19:52:11","guid":{"rendered":"https:\/\/jdtec.eu\/?page_id=281"},"modified":"2025-08-14T18:49:57","modified_gmt":"2025-08-14T16:49:57","slug":"shopware","status":"publish","type":"page","link":"https:\/\/jdtec.eu\/index.php\/shopware\/","title":{"rendered":"Shopware-Shops \u2013 individuell, performant, erfolgreich"},"content":{"rendered":"\n<div class=\"wp-block-cover\"><img loading=\"lazy\" decoding=\"async\" width=\"1024\" height=\"683\" class=\"wp-block-cover__image-background wp-image-297\" alt=\"\" src=\"https:\/\/jdtec.eu\/wp-content\/uploads\/2025\/08\/Shopware-Hero-image-jd.tec_-1024x683.png\" data-object-fit=\"cover\" srcset=\"https:\/\/jdtec.eu\/wp-content\/uploads\/2025\/08\/Shopware-Hero-image-jd.tec_-1024x683.png 1024w, https:\/\/jdtec.eu\/wp-content\/uploads\/2025\/08\/Shopware-Hero-image-jd.tec_-300x200.png 300w, https:\/\/jdtec.eu\/wp-content\/uploads\/2025\/08\/Shopware-Hero-image-jd.tec_-768x512.png 768w, https:\/\/jdtec.eu\/wp-content\/uploads\/2025\/08\/Shopware-Hero-image-jd.tec_-930x620.png 930w, https:\/\/jdtec.eu\/wp-content\/uploads\/2025\/08\/Shopware-Hero-image-jd.tec_.png 1536w\" sizes=\"auto, (max-width: 1024px) 100vw, 1024px\" \/><span aria-hidden=\"true\" class=\"wp-block-cover__background has-background-dim\"><\/span><div class=\"wp-block-cover__inner-container is-layout-flow wp-block-cover-is-layout-flow\">\n<p class=\"has-text-align-center has-large-font-size\"><mark style=\"background-color:rgba(0, 0, 0, 0)\" class=\"has-inline-color has-nv-site-bg-color\">Wir entwickeln und optimieren Ihren Shopware-Shop \u2013 von der Planung \u00fcber das Design bis zur technischen Umsetzung. Alles aus einer Hand, f\u00fcr Ihren nachhaltigen E-Commerce-Erfolg.<\/mark><\/p>\n<\/div><\/div>\n\n\n\n<div style=\"height:15px\" aria-hidden=\"true\" class=\"wp-block-spacer\"><\/div>\n\n\n\n<div class=\"wp-block-buttons is-content-justification-center is-layout-flex wp-container-core-buttons-is-layout-16018d1d wp-block-buttons-is-layout-flex\">\n<div class=\"wp-block-button\"><a class=\"wp-block-button__link wp-element-button\" href=\"https:\/\/jdtec.eu\/index.php\/contact\/\">Jetzt Shopware Projekt starten<\/a><\/div>\n<\/div>\n\n\n\n<div style=\"height:15px\" aria-hidden=\"true\" class=\"wp-block-spacer\"><\/div>\n\n\n\n<p>Ein <strong><em>Shopware-Shop<\/em><\/strong> ist mehr als nur ein Onlineshop \u2013 er ist das Herzst\u00fcck Ihres digitalen Vertriebs. Wir entwickeln <strong><em>individuelle Shopware-L\u00f6sungen<\/em><\/strong>, die nicht nur optisch \u00fcberzeugen, sondern technisch sauber, schnell und verkaufsstark sind. Von der <strong><em>Planung<\/em><\/strong> \u00fcber <strong><em>Design &amp; Template-Anpassungen<\/em><\/strong> bis hin zu <strong><em>Plugin-Integration<\/em><\/strong>, <strong><em>Schnittstellenanbindung<\/em><\/strong> und <strong><em>Performance-Optimierung<\/em><\/strong>: Wir begleiten Sie von der ersten Idee bis zum fertigen <strong><em>E-Commerce-Projekt<\/em><\/strong> \u2013 transparent, zuverl\u00e4ssig und auf langfristigen Erfolg ausgerichtet.<\/p>\n\n\n\n<div class=\"wp-block-columns is-layout-flex wp-container-core-columns-is-layout-9d6595d7 wp-block-columns-is-layout-flex\">\n<div class=\"wp-block-column is-layout-flow wp-block-column-is-layout-flow\" style=\"flex-basis:33.33%\">\n<figure class=\"wp-block-image size-large\"><img loading=\"lazy\" decoding=\"async\" width=\"683\" height=\"1024\" src=\"https:\/\/jdtec.eu\/wp-content\/uploads\/2025\/08\/jd.tec-shopware-hero-bild-683x1024.png\" alt=\"\" class=\"wp-image-299\" srcset=\"https:\/\/jdtec.eu\/wp-content\/uploads\/2025\/08\/jd.tec-shopware-hero-bild-683x1024.png 683w, https:\/\/jdtec.eu\/wp-content\/uploads\/2025\/08\/jd.tec-shopware-hero-bild-200x300.png 200w, https:\/\/jdtec.eu\/wp-content\/uploads\/2025\/08\/jd.tec-shopware-hero-bild-768x1152.png 768w, https:\/\/jdtec.eu\/wp-content\/uploads\/2025\/08\/jd.tec-shopware-hero-bild.png 1024w\" sizes=\"auto, (max-width: 683px) 100vw, 683px\" \/><\/figure>\n<\/div>\n\n\n\n<div class=\"wp-block-column is-layout-flow wp-block-column-is-layout-flow\" style=\"flex-basis:66.66%\">\n<div style=\"height:8px\" aria-hidden=\"true\" class=\"wp-block-spacer\"><\/div>\n\n\n\n<h2 class=\"wp-block-heading\">Unsere <em>Shopware<\/em>-Leistungen im \u00dcberblick<\/h2>\n\n\n\n<div id=\"wp-block-themeisle-blocks-icon-list-75a7b97d\" class=\"wp-block-themeisle-blocks-icon-list\">\n<div id=\"wp-block-themeisle-blocks-icon-list-item-359c9e66\" class=\"wp-block-themeisle-blocks-icon-list-item\"><i class=\"fas fa-check wp-block-themeisle-blocks-icon-list-item-icon\"><\/i><p class=\"wp-block-themeisle-blocks-icon-list-item-content\"><strong><em>Shopware-Installation<\/em><\/strong> &amp; <strong><em>Ersteinrichtung<\/em><\/strong><\/p><\/div>\n\n\n\n<div id=\"wp-block-themeisle-blocks-icon-list-item-d8c9ef13\" class=\"wp-block-themeisle-blocks-icon-list-item\"><i class=\"fas fa-check wp-block-themeisle-blocks-icon-list-item-icon\"><\/i><p class=\"wp-block-themeisle-blocks-icon-list-item-content\"><strong><em>Design- &amp; Template-Anpassung<\/em><\/strong> (individuelles Layout, CI-Integration)<\/p><\/div>\n\n\n\n<div id=\"wp-block-themeisle-blocks-icon-list-item-4c3ce01c\" class=\"wp-block-themeisle-blocks-icon-list-item\"><i class=\"fas fa-check wp-block-themeisle-blocks-icon-list-item-icon\"><\/i><p class=\"wp-block-themeisle-blocks-icon-list-item-content\"><strong><em>Plugin-Installation<\/em><\/strong> &amp; <strong><em>Entwicklun<\/em><\/strong>g<\/p><\/div>\n\n\n\n<div id=\"wp-block-themeisle-blocks-icon-list-item-e6f0a8a9\" class=\"wp-block-themeisle-blocks-icon-list-item\"><i class=\"fas fa-check wp-block-themeisle-blocks-icon-list-item-icon\"><\/i><p class=\"wp-block-themeisle-blocks-icon-list-item-content\"><strong><em>Schnittstellen-Integration<\/em><\/strong> (z. B. <strong><em><a href=\"https:\/\/jdtec.eu\/index.php\/jtl-dienstleistunge\/jtl-wawi\/\">JTL-Wawi<\/a><\/em><\/strong>, ERP-Systeme, Zahlungsanbieter)<\/p><\/div>\n\n\n\n<div id=\"wp-block-themeisle-blocks-icon-list-item-fdbd6c53\" class=\"wp-block-themeisle-blocks-icon-list-item\"><i class=\"fas fa-check wp-block-themeisle-blocks-icon-list-item-icon\"><\/i><p class=\"wp-block-themeisle-blocks-icon-list-item-content\">Performance-Optimierung &amp; Ladezeit-Verbesserung<\/p><\/div>\n\n\n\n<div id=\"wp-block-themeisle-blocks-icon-list-item-23e3156b\" class=\"wp-block-themeisle-blocks-icon-list-item\"><i class=\"fas fa-check wp-block-themeisle-blocks-icon-list-item-icon\"><\/i><p class=\"wp-block-themeisle-blocks-icon-list-item-content\"><strong><em><a href=\"https:\/\/jdtec.eu\/index.php\/it-dienstleistungen\/seo-strategie\/\">Suchmaschinen Optimierung<\/a><\/em><\/strong> f\u00fcr bessere Sichtbarkeit<\/p><\/div>\n\n\n\n<div id=\"wp-block-themeisle-blocks-icon-list-item-ca123d06\" class=\"wp-block-themeisle-blocks-icon-list-item\"><i class=\"fas fa-check wp-block-themeisle-blocks-icon-list-item-icon\"><\/i><p class=\"wp-block-themeisle-blocks-icon-list-item-content\"><strong><em>Wartung<\/em><\/strong> &amp; <strong><em>Support<\/em><\/strong><\/p><\/div>\n\n\n\n<div id=\"wp-block-themeisle-blocks-icon-list-item-ad326af5\" class=\"wp-block-themeisle-blocks-icon-list-item\"><i class=\"fas fa-check wp-block-themeisle-blocks-icon-list-item-icon\"><\/i><p class=\"wp-block-themeisle-blocks-icon-list-item-content\"><strong><em>Migration<\/em><\/strong> von bestehenden Shops zu Shopware<\/p><\/div>\n<\/div>\n<\/div>\n<\/div>\n\n\n\n<p>Wir machen keine <strong><em>leeren Versprechen<\/em><\/strong> und keine <strong><em>Standardl\u00f6sungen<\/em><\/strong> von der Stange. Stattdessen setzen wir auf <strong><em>individuelle Beratung<\/em><\/strong>, <strong><em>saubere technische Umsetzung<\/em><\/strong> und <strong><em>nachhaltige Optimierung<\/em><\/strong>.<br>Ob f\u00fcr <strong><em>B2B<\/em><\/strong> oder <strong><em>B2C<\/em><\/strong> \u2013 wir entwickeln <strong><em>Shopware-Shops<\/em><\/strong>, die Ihre Kunden begeistern und Ihr Gesch\u00e4ft voranbringen.<\/p>\n\n\n\n<p class=\"has-text-align-center\">Lassen Sie uns gemeinsam Ihren Shopware-Shop zum Erfolg f\u00fchren \u2013 sprechen wir dar\u00fcber!<\/p>\n\n\n\n<div class=\"wp-block-buttons is-content-justification-center is-layout-flex wp-container-core-buttons-is-layout-16018d1d wp-block-buttons-is-layout-flex\">\n<div class=\"wp-block-button\"><a class=\"wp-block-button__link wp-element-button\" href=\"https:\/\/jdtec.eu\/index.php\/contact\/\">Jetzt Kontakt aufnehmen<\/a><\/div>\n<\/div>\n\n\n\n<p><\/p>\n","protected":false},"excerpt":{"rendered":"<p>Ein Shopware-Shop ist mehr als nur ein Onlineshop \u2013 er ist das Herzst\u00fcck Ihres digitalen Vertriebs. Wir entwickeln individuelle Shopware-L\u00f6sungen, die nicht nur optisch \u00fcberzeugen, sondern technisch sauber, schnell und verkaufsstark sind. Von der Planung \u00fcber Design &amp; Template-Anpassungen bis hin zu Plugin-Integration, Schnittstellenanbindung und Performance-Optimierung: Wir begleiten Sie von der ersten Idee bis zum&hellip;&nbsp;<a href=\"https:\/\/jdtec.eu\/index.php\/shopware\/\" rel=\"bookmark\"><span class=\"screen-reader-text\">Shopware-Shops \u2013 individuell, performant, erfolgreich<\/span><\/a><\/p>\n","protected":false},"author":1,"featured_media":0,"parent":0,"menu_order":0,"comment_status":"closed","ping_status":"closed","template":"","meta":{"neve_meta_sidebar":"","neve_meta_container":"","neve_meta_enable_content_width":"","neve_meta_content_width":0,"neve_meta_title_alignment":"","neve_meta_author_avatar":"","neve_post_elements_order":"","neve_meta_disable_header":"","neve_meta_disable_footer":"","neve_meta_disable_title":"","_themeisle_gutenberg_block_has_review":false,"footnotes":""},"class_list":["post-281","page","type-page","status-publish","hentry"],"yoast_head":"<!-- This site is optimized with the Yoast SEO plugin v26.0 - https:\/\/yoast.com\/wordpress\/plugins\/seo\/ -->\n<title>Shopware-Shops \u2013 individuell, performant, erfolgreich - jd.tec | IT-Service<\/title>\n<meta name=\"description\" content=\"Shopware-Shop Entwicklung f\u00fcr Unternehmen. Ma\u00dfgeschneiderte E-Commerce-L\u00f6sungen \u2013 technisch stark &amp; verkaufsorientiert.\" \/>\n<meta name=\"robots\" content=\"index, follow, max-snippet:-1, max-image-preview:large, max-video-preview:-1\" \/>\n<link rel=\"canonical\" href=\"https:\/\/jdtec.eu\/index.php\/shopware\/\" \/>\n<meta property=\"og:locale\" content=\"de_DE\" \/>\n<meta property=\"og:type\" content=\"article\" \/>\n<meta property=\"og:title\" content=\"Shopware-Shops \u2013 individuell, performant, erfolgreich - jd.tec | IT-Service\" \/>\n<meta property=\"og:description\" content=\"Shopware-Shop Entwicklung f\u00fcr Unternehmen. Ma\u00dfgeschneiderte E-Commerce-L\u00f6sungen \u2013 technisch stark &amp; verkaufsorientiert.\" \/>\n<meta property=\"og:url\" content=\"https:\/\/jdtec.eu\/index.php\/shopware\/\" \/>\n<meta property=\"og:site_name\" content=\"jd.tec | IT-Service\" \/>\n<meta property=\"article:publisher\" content=\"https:\/\/www.facebook.com\/jdtec.eu\" \/>\n<meta property=\"article:modified_time\" content=\"2025-08-14T16:49:57+00:00\" \/>\n<meta property=\"og:image\" content=\"https:\/\/jdtec.eu\/wp-content\/uploads\/2025\/08\/Shopware-Hero-image-jd.tec_.png\" \/>\n\t<meta property=\"og:image:width\" content=\"1536\" \/>\n\t<meta property=\"og:image:height\" content=\"1024\" \/>\n\t<meta property=\"og:image:type\" content=\"image\/png\" \/>\n<meta name=\"twitter:card\" content=\"summary_large_image\" \/>\n<meta name=\"twitter:label1\" content=\"Gesch\u00e4tzte Lesezeit\" \/>\n\t<meta name=\"twitter:data1\" content=\"2\u00a0Minuten\" \/>\n<script type=\"application\/ld+json\" class=\"yoast-schema-graph\">{\"@context\":\"https:\/\/schema.org\",\"@graph\":[{\"@type\":\"WebPage\",\"@id\":\"https:\/\/jdtec.eu\/index.php\/shopware\/\",\"url\":\"https:\/\/jdtec.eu\/index.php\/shopware\/\",\"name\":\"Shopware-Shops \u2013 individuell, performant, erfolgreich - jd.tec | IT-Service\",\"isPartOf\":{\"@id\":\"https:\/\/jdtec.eu\/#website\"},\"primaryImageOfPage\":{\"@id\":\"https:\/\/jdtec.eu\/index.php\/shopware\/#primaryimage\"},\"image\":{\"@id\":\"https:\/\/jdtec.eu\/index.php\/shopware\/#primaryimage\"},\"thumbnailUrl\":\"https:\/\/jdtec.eu\/wp-content\/uploads\/2025\/08\/Shopware-Hero-image-jd.tec_-1024x683.png\",\"datePublished\":\"2025-08-13T19:52:11+00:00\",\"dateModified\":\"2025-08-14T16:49:57+00:00\",\"description\":\"Shopware-Shop Entwicklung f\u00fcr Unternehmen. Ma\u00dfgeschneiderte E-Commerce-L\u00f6sungen \u2013 technisch stark & verkaufsorientiert.\",\"breadcrumb\":{\"@id\":\"https:\/\/jdtec.eu\/index.php\/shopware\/#breadcrumb\"},\"inLanguage\":\"de\",\"potentialAction\":[{\"@type\":\"ReadAction\",\"target\":[\"https:\/\/jdtec.eu\/index.php\/shopware\/\"]}]},{\"@type\":\"ImageObject\",\"inLanguage\":\"de\",\"@id\":\"https:\/\/jdtec.eu\/index.php\/shopware\/#primaryimage\",\"url\":\"https:\/\/jdtec.eu\/wp-content\/uploads\/2025\/08\/Shopware-Hero-image-jd.tec_.png\",\"contentUrl\":\"https:\/\/jdtec.eu\/wp-content\/uploads\/2025\/08\/Shopware-Hero-image-jd.tec_.png\",\"width\":1536,\"height\":1024},{\"@type\":\"BreadcrumbList\",\"@id\":\"https:\/\/jdtec.eu\/index.php\/shopware\/#breadcrumb\",\"itemListElement\":[{\"@type\":\"ListItem\",\"position\":1,\"name\":\"Startseite\",\"item\":\"https:\/\/jdtec.eu\/\"},{\"@type\":\"ListItem\",\"position\":2,\"name\":\"Shopware-Shops \u2013 individuell, performant, erfolgreich\"}]},{\"@type\":\"WebSite\",\"@id\":\"https:\/\/jdtec.eu\/#website\",\"url\":\"https:\/\/jdtec.eu\/\",\"name\":\"jd.tec | IT-Service\",\"description\":\"\",\"publisher\":{\"@id\":\"https:\/\/jdtec.eu\/#organization\"},\"potentialAction\":[{\"@type\":\"SearchAction\",\"target\":{\"@type\":\"EntryPoint\",\"urlTemplate\":\"https:\/\/jdtec.eu\/?s={search_term_string}\"},\"query-input\":{\"@type\":\"PropertyValueSpecification\",\"valueRequired\":true,\"valueName\":\"search_term_string\"}}],\"inLanguage\":\"de\"},{\"@type\":\"Organization\",\"@id\":\"https:\/\/jdtec.eu\/#organization\",\"name\":\"jd.tec | IT-Service\",\"url\":\"https:\/\/jdtec.eu\/\",\"logo\":{\"@type\":\"ImageObject\",\"inLanguage\":\"de\",\"@id\":\"https:\/\/jdtec.eu\/#\/schema\/logo\/image\/\",\"url\":\"https:\/\/jdtec.eu\/wp-content\/uploads\/2025\/07\/cropped-logo_transparent.png\",\"contentUrl\":\"https:\/\/jdtec.eu\/wp-content\/uploads\/2025\/07\/cropped-logo_transparent.png\",\"width\":200,\"height\":92,\"caption\":\"jd.tec | IT-Service\"},\"image\":{\"@id\":\"https:\/\/jdtec.eu\/#\/schema\/logo\/image\/\"},\"sameAs\":[\"https:\/\/www.facebook.com\/jdtec.eu\"]}]}<\/script>\n<!-- \/ Yoast SEO plugin. -->","yoast_head_json":{"title":"Shopware-Shops \u2013 individuell, performant, erfolgreich - jd.tec | IT-Service","description":"Shopware-Shop Entwicklung f\u00fcr Unternehmen. Ma\u00dfgeschneiderte E-Commerce-L\u00f6sungen \u2013 technisch stark & verkaufsorientiert.","robots":{"index":"index","follow":"follow","max-snippet":"max-snippet:-1","max-image-preview":"max-image-preview:large","max-video-preview":"max-video-preview:-1"},"canonical":"https:\/\/jdtec.eu\/index.php\/shopware\/","og_locale":"de_DE","og_type":"article","og_title":"Shopware-Shops \u2013 individuell, performant, erfolgreich - jd.tec | IT-Service","og_description":"Shopware-Shop Entwicklung f\u00fcr Unternehmen. Ma\u00dfgeschneiderte E-Commerce-L\u00f6sungen \u2013 technisch stark & verkaufsorientiert.","og_url":"https:\/\/jdtec.eu\/index.php\/shopware\/","og_site_name":"jd.tec | IT-Service","article_publisher":"https:\/\/www.facebook.com\/jdtec.eu","article_modified_time":"2025-08-14T16:49:57+00:00","og_image":[{"width":1536,"height":1024,"url":"https:\/\/jdtec.eu\/wp-content\/uploads\/2025\/08\/Shopware-Hero-image-jd.tec_.png","type":"image\/png"}],"twitter_card":"summary_large_image","twitter_misc":{"Gesch\u00e4tzte Lesezeit":"2\u00a0Minuten"},"schema":{"@context":"https:\/\/schema.org","@graph":[{"@type":"WebPage","@id":"https:\/\/jdtec.eu\/index.php\/shopware\/","url":"https:\/\/jdtec.eu\/index.php\/shopware\/","name":"Shopware-Shops \u2013 individuell, performant, erfolgreich - jd.tec | IT-Service","isPartOf":{"@id":"https:\/\/jdtec.eu\/#website"},"primaryImageOfPage":{"@id":"https:\/\/jdtec.eu\/index.php\/shopware\/#primaryimage"},"image":{"@id":"https:\/\/jdtec.eu\/index.php\/shopware\/#primaryimage"},"thumbnailUrl":"https:\/\/jdtec.eu\/wp-content\/uploads\/2025\/08\/Shopware-Hero-image-jd.tec_-1024x683.png","datePublished":"2025-08-13T19:52:11+00:00","dateModified":"2025-08-14T16:49:57+00:00","description":"Shopware-Shop Entwicklung f\u00fcr Unternehmen. Ma\u00dfgeschneiderte E-Commerce-L\u00f6sungen \u2013 technisch stark & verkaufsorientiert.","breadcrumb":{"@id":"https:\/\/jdtec.eu\/index.php\/shopware\/#breadcrumb"},"inLanguage":"de","potentialAction":[{"@type":"ReadAction","target":["https:\/\/jdtec.eu\/index.php\/shopware\/"]}]},{"@type":"ImageObject","inLanguage":"de","@id":"https:\/\/jdtec.eu\/index.php\/shopware\/#primaryimage","url":"https:\/\/jdtec.eu\/wp-content\/uploads\/2025\/08\/Shopware-Hero-image-jd.tec_.png","contentUrl":"https:\/\/jdtec.eu\/wp-content\/uploads\/2025\/08\/Shopware-Hero-image-jd.tec_.png","width":1536,"height":1024},{"@type":"BreadcrumbList","@id":"https:\/\/jdtec.eu\/index.php\/shopware\/#breadcrumb","itemListElement":[{"@type":"ListItem","position":1,"name":"Startseite","item":"https:\/\/jdtec.eu\/"},{"@type":"ListItem","position":2,"name":"Shopware-Shops \u2013 individuell, performant, erfolgreich"}]},{"@type":"WebSite","@id":"https:\/\/jdtec.eu\/#website","url":"https:\/\/jdtec.eu\/","name":"jd.tec | IT-Service","description":"","publisher":{"@id":"https:\/\/jdtec.eu\/#organization"},"potentialAction":[{"@type":"SearchAction","target":{"@type":"EntryPoint","urlTemplate":"https:\/\/jdtec.eu\/?s={search_term_string}"},"query-input":{"@type":"PropertyValueSpecification","valueRequired":true,"valueName":"search_term_string"}}],"inLanguage":"de"},{"@type":"Organization","@id":"https:\/\/jdtec.eu\/#organization","name":"jd.tec | IT-Service","url":"https:\/\/jdtec.eu\/","logo":{"@type":"ImageObject","inLanguage":"de","@id":"https:\/\/jdtec.eu\/#\/schema\/logo\/image\/","url":"https:\/\/jdtec.eu\/wp-content\/uploads\/2025\/07\/cropped-logo_transparent.png","contentUrl":"https:\/\/jdtec.eu\/wp-content\/uploads\/2025\/07\/cropped-logo_transparent.png","width":200,"height":92,"caption":"jd.tec | IT-Service"},"image":{"@id":"https:\/\/jdtec.eu\/#\/schema\/logo\/image\/"},"sameAs":["https:\/\/www.facebook.com\/jdtec.eu"]}]}},"_links":{"self":[{"href":"https:\/\/jdtec.eu\/index.php\/wp-json\/wp\/v2\/pages\/281","targetHints":{"allow":["GET"]}}],"collection":[{"href":"https:\/\/jdtec.eu\/index.php\/wp-json\/wp\/v2\/pages"}],"about":[{"href":"https:\/\/jdtec.eu\/index.php\/wp-json\/wp\/v2\/types\/page"}],"author":[{"embeddable":true,"href":"https:\/\/jdtec.eu\/index.php\/wp-json\/wp\/v2\/users\/1"}],"replies":[{"embeddable":true,"href":"https:\/\/jdtec.eu\/index.php\/wp-json\/wp\/v2\/comments?post=281"}],"version-history":[{"count":10,"href":"https:\/\/jdtec.eu\/index.php\/wp-json\/wp\/v2\/pages\/281\/revisions"}],"predecessor-version":[{"id":336,"href":"https:\/\/jdtec.eu\/index.php\/wp-json\/wp\/v2\/pages\/281\/revisions\/336"}],"wp:attachment":[{"href":"https:\/\/jdtec.eu\/index.php\/wp-json\/wp\/v2\/media?parent=281"}],"curies":[{"name":"wp","href":"https:\/\/api.w.org\/{rel}","templated":true}]}}