{"id":24,"date":"2025-07-01T22:20:05","date_gmt":"2025-07-01T20:20:05","guid":{"rendered":"https:\/\/jdtec.eu\/?page_id=24"},"modified":"2025-09-23T15:10:33","modified_gmt":"2025-09-23T13:10:33","slug":"startseite","status":"publish","type":"page","link":"https:\/\/jdtec.eu\/","title":{"rendered":"Startseite"},"content":{"rendered":"\n<div class=\"wp-block-cover alignfull\" style=\"min-height:620px;aspect-ratio:unset;\"><img loading=\"lazy\" decoding=\"async\" width=\"1024\" height=\"571\" class=\"wp-block-cover__image-background wp-image-82 size-large\" alt=\"\" src=\"https:\/\/jdtec.eu\/wp-content\/uploads\/2025\/07\/jdtec-hintergrund-1024x571.png\" style=\"object-position:52% 58%\" data-object-fit=\"cover\" data-object-position=\"52% 58%\" srcset=\"https:\/\/jdtec.eu\/wp-content\/uploads\/2025\/07\/jdtec-hintergrund-1024x571.png 1024w, https:\/\/jdtec.eu\/wp-content\/uploads\/2025\/07\/jdtec-hintergrund-300x167.png 300w, https:\/\/jdtec.eu\/wp-content\/uploads\/2025\/07\/jdtec-hintergrund-768x428.png 768w, https:\/\/jdtec.eu\/wp-content\/uploads\/2025\/07\/jdtec-hintergrund-1536x857.png 1536w, https:\/\/jdtec.eu\/wp-content\/uploads\/2025\/07\/jdtec-hintergrund.png 1640w\" sizes=\"auto, (max-width: 1024px) 100vw, 1024px\" \/><span aria-hidden=\"true\" class=\"wp-block-cover__background has-background-dim-0 has-background-dim\"><\/span><div class=\"wp-block-cover__inner-container is-layout-flow wp-block-cover-is-layout-flow\">\n<div class=\"wp-block-columns are-vertically-aligned-center is-layout-flex wp-container-core-columns-is-layout-9d6595d7 wp-block-columns-is-layout-flex\">\n<div class=\"wp-block-column is-vertically-aligned-center is-layout-flow wp-block-column-is-layout-flow\" style=\"padding-right:var(--wp--preset--spacing--20);padding-left:var(--wp--preset--spacing--20);flex-basis:65%\">\n<h1 class=\"wp-block-heading has-text-align-left has-nv-text-dark-bg-color has-text-color\">Herzlich Willkommen bei jd.tec<\/h1>\n\n\n\n<p class=\"has-text-align-left has-nv-text-dark-bg-color has-text-color\" style=\"font-size:17px\"><strong>\u201eWir sind jd.tec \u2013 wir \u00fcbernehmen jeden Fall.\u201c<\/strong><br>Von JTL-Services bis Komplett-IT: Ein Ansprechpartner. Viele L\u00f6sungen.<\/p>\n\n\n\n<div class=\"wp-block-buttons is-horizontal is-content-justification-left is-layout-flex wp-container-core-buttons-is-layout-7e5fce0a wp-block-buttons-is-layout-flex\">\n<div class=\"wp-block-button is-style-primary\"><a class=\"wp-block-button__link has-text-color has-background has-link-color wp-element-button\" href=\"https:\/\/jdtec.eu\/index.php\/ueber-uns\/\" style=\"color:#0a2279;background-color:#ffffff\">Mehr erfahren<\/a><\/div>\n\n\n\n<div class=\"wp-block-button is-style-secondary\"><a class=\"wp-block-button__link has-nv-text-dark-bg-color has-text-color has-link-color wp-element-button\" href=\"https:\/\/jdtec.eu\/index.php\/contact\/\">Kontakt<\/a><\/div>\n<\/div>\n\n\n\n<div style=\"height:100px\" aria-hidden=\"true\" class=\"wp-block-spacer\"><\/div>\n<\/div>\n\n\n\n<div class=\"wp-block-column is-vertically-aligned-center is-layout-flow wp-block-column-is-layout-flow\">\n<figure class=\"wp-block-image size-full\"><img loading=\"lazy\" decoding=\"async\" width=\"1015\" height=\"1215\" src=\"https:\/\/jdtec.eu\/wp-content\/uploads\/2025\/08\/ITler-bei-der-arbeit-1.png\" alt=\"\" class=\"wp-image-148\" srcset=\"https:\/\/jdtec.eu\/wp-content\/uploads\/2025\/08\/ITler-bei-der-arbeit-1.png 1015w, https:\/\/jdtec.eu\/wp-content\/uploads\/2025\/08\/ITler-bei-der-arbeit-1-251x300.png 251w, https:\/\/jdtec.eu\/wp-content\/uploads\/2025\/08\/ITler-bei-der-arbeit-1-855x1024.png 855w, https:\/\/jdtec.eu\/wp-content\/uploads\/2025\/08\/ITler-bei-der-arbeit-1-768x919.png 768w\" sizes=\"auto, (max-width: 1015px) 100vw, 1015px\" \/><\/figure>\n<\/div>\n<\/div>\n<\/div><\/div>\n\n\n\n<div style=\"height:40px\" aria-hidden=\"true\" class=\"wp-block-spacer\"><\/div>\n\n\n\n<div class=\"wp-block-columns is-layout-flex wp-container-core-columns-is-layout-9d6595d7 wp-block-columns-is-layout-flex\">\n<div class=\"wp-block-column neve-duotone is-layout-flow wp-block-column-is-layout-flow\" style=\"padding-right:var(--wp--preset--spacing--30);padding-left:var(--wp--preset--spacing--30)\"><div class=\"wp-block-image icon-style is-style-default wp-duotone-unset-1\">\n<figure class=\"aligncenter size-full is-resized has-custom-border\"><a href=\"https:\/\/jdtec.eu\/index.php\/it-dienstleistungen\/\"><img decoding=\"async\" src=\"https:\/\/jdtec.eu\/wp-content\/themes\/neve\/assets\/img\/starter-content\/neve-marketing-icon-1.png\" alt=\"\" style=\"border-radius:0px;width:104px;height:auto\" title=\"\"\/><\/a><\/figure>\n<\/div>\n\n\n<div style=\"height:16px\" aria-hidden=\"true\" class=\"wp-block-spacer\"><\/div>\n\n\n\n<h3 class=\"wp-block-heading has-text-align-center has-neve-text-color-color has-text-color\"><a href=\"https:\/\/jdtec.eu\/index.php\/it-dienstleistungen\/\">Business<\/a><\/h3>\n\n\n\n<p class=\"has-text-align-center\">Unser Wissen endet nicht bei JTL. Wir sind dir gerne auch bei allem anderen behilflich<\/p>\n\n\n\n<div style=\"height:20px\" aria-hidden=\"true\" class=\"wp-block-spacer\"><\/div>\n<\/div>\n\n\n\n<div class=\"wp-block-column is-layout-flow wp-block-column-is-layout-flow\" style=\"padding-right:var(--wp--preset--spacing--30);padding-left:var(--wp--preset--spacing--30)\"><div class=\"wp-block-image icon-style is-style-default\">\n<figure class=\"aligncenter size-full is-resized has-custom-border\"><a href=\"https:\/\/jdtec.eu\/index.php\/jtl-dienstleistunge\/jtl-shop\/\"><img decoding=\"async\" src=\"https:\/\/jdtec.eu\/wp-content\/themes\/neve\/assets\/img\/starter-content\/neve-marketing-icon-4.1.png\" alt=\"\" style=\"border-radius:0px;width:107px;height:auto\" title=\"\"\/><\/a><\/figure>\n<\/div>\n\n\n<div style=\"height:16px\" aria-hidden=\"true\" class=\"wp-block-spacer\"><\/div>\n\n\n\n<h3 class=\"wp-block-heading has-text-align-center has-neve-text-color-color has-text-color\"><a href=\"https:\/\/jdtec.eu\/index.php\/jtl-dienstleistunge\/jtl-shop\/\">JTL &#8211; Shop<\/a><\/h3>\n\n\n\n<p class=\"has-text-align-center\">Dein Shop gef\u00e4llt dir nicht mehr, oder du startest gerade und brauchst einen? Wir machen das f\u00fcr dich<\/p>\n\n\n\n<div style=\"height:20px\" aria-hidden=\"true\" class=\"wp-block-spacer\"><\/div>\n<\/div>\n\n\n\n<div class=\"wp-block-column is-layout-flow wp-block-column-is-layout-flow\" style=\"padding-right:var(--wp--preset--spacing--30);padding-left:var(--wp--preset--spacing--30)\"><div class=\"wp-block-image icon-style is-style-default wp-duotone-unset-2\">\n<figure class=\"aligncenter size-full is-resized has-custom-border\"><a href=\"https:\/\/jdtec.eu\/index.php\/jtl-dienstleistunge\/jtl-wawi\/\"><img decoding=\"async\" src=\"https:\/\/jdtec.eu\/wp-content\/themes\/neve\/assets\/img\/starter-content\/neve-marketing-icon-3.1.png\" alt=\"\" style=\"border-radius:0px;width:107px;height:auto\" title=\"\"\/><\/a><\/figure>\n<\/div>\n\n\n<div style=\"height:16px\" aria-hidden=\"true\" class=\"wp-block-spacer\"><\/div>\n\n\n\n<h3 class=\"wp-block-heading has-text-align-center has-neve-text-color-color has-text-color\"><a href=\"https:\/\/jdtec.eu\/index.php\/jtl-dienstleistunge\/jtl-wawi\/\">JTL &#8211; WaWi<\/a><\/h3>\n\n\n\n<p class=\"has-text-align-center\">Workflow, Anbindung oder Analysetools, Im- und Export? Kein Problem f\u00fcr uns.<\/p>\n\n\n\n<div style=\"height:20px\" aria-hidden=\"true\" class=\"wp-block-spacer\"><\/div>\n<\/div>\n\n\n\n<div class=\"wp-block-column is-layout-flow wp-block-column-is-layout-flow\" style=\"padding-right:var(--wp--preset--spacing--30);padding-left:var(--wp--preset--spacing--30)\"><div class=\"wp-block-image icon-style is-style-default wp-duotone-unset-3\">\n<figure class=\"aligncenter size-full is-resized has-custom-border\"><a href=\"https:\/\/jdtec.eu\/index.php\/shopware\/\"><img decoding=\"async\" src=\"https:\/\/jdtec.eu\/wp-content\/themes\/neve\/assets\/img\/starter-content\/neve-marketing-icon-2.png\" alt=\"\" style=\"border-radius:0px;width:110px;height:auto\" title=\"\"\/><\/a><\/figure>\n<\/div>\n\n\n<div style=\"height:16px\" aria-hidden=\"true\" class=\"wp-block-spacer\"><\/div>\n\n\n\n<h3 class=\"wp-block-heading has-text-align-center has-neve-text-color-color has-text-color\"><a href=\"https:\/\/jdtec.eu\/index.php\/shopware\/\">Shopware<\/a><\/h3>\n\n\n\n<p class=\"has-text-align-center\">Installation, Layout und Konzeptionierung sind f\u00fcr uns was allt\u00e4gliches.<\/p>\n\n\n\n<div style=\"height:20px\" aria-hidden=\"true\" class=\"wp-block-spacer\"><\/div>\n<\/div>\n<\/div>\n\n\n<p class=\"has-neve-text-color-color has-text-color\" style=\"text-align: center;\">Eine stabile <em><strong>Warenwirtschaft<\/strong> <\/em>und ein leistungsstarker <em><strong>Shop<\/strong><\/em> mit nahtloser Anbindung an verschiedene <em><strong>Vertriebskan\u00e4le<\/strong><\/em> sind wichtig f\u00fcr jedes Online-Business.<br \/><em><strong>JTL<\/strong> <\/em>ist hier nicht umsonst einer der Marktf\u00fchrer.<\/p>\n<p class=\"has-neve-text-color-color has-text-color\" style=\"text-align: center;\">Du interessierst dich f\u00fcr JTL oder hast es bereits im Einsatz? Du brauchst Unterst\u00fctzung bei Einf\u00fchrung, Ausbau, Anpassung, Updates? Du brauchst zuverl\u00e4ssigen Support?<\/p>\n<p class=\"has-neve-text-color-color has-text-color\" style=\"text-align: center;\"><strong>Bei uns trifft JTL-Techie-Knowhow auf kaufm\u00e4nnisches Denken. Schau dich um.<\/strong><\/p>\n\n<div class=\"wp-block-image\">\n<figure class=\"aligncenter size-full\"><img loading=\"lazy\" decoding=\"async\" width=\"744\" height=\"224\" src=\"https:\/\/jdtec.eu\/wp-content\/uploads\/2025\/09\/Service-Partner-Hori.png\" alt=\"\" class=\"wp-image-410\" srcset=\"https:\/\/jdtec.eu\/wp-content\/uploads\/2025\/09\/Service-Partner-Hori.png 744w, https:\/\/jdtec.eu\/wp-content\/uploads\/2025\/09\/Service-Partner-Hori-300x90.png 300w\" sizes=\"auto, (max-width: 744px) 100vw, 744px\" \/><\/figure>\n<\/div>\n\n\n<div style=\"height:20px\" aria-hidden=\"true\" class=\"wp-block-spacer\"><\/div>\n\n\n\n<div class=\"wp-block-cover alignfull has-nv-text-dark-bg-color has-text-color has-link-color wp-elements-810434bcba556ea23137f306928bfe48\" style=\"min-height:420px;aspect-ratio:unset;\"><span aria-hidden=\"true\" class=\"wp-block-cover__background has-nv-dark-bg-background-color has-background-dim-100 has-background-dim\"><\/span><div class=\"wp-block-cover__inner-container is-layout-flow wp-block-cover-is-layout-flow\">\n<p><\/p>\n\n\n\n<h2 class=\"wp-block-heading has-text-align-center\">Das sagen unsere Kunden<\/h2>\n\n\n\n<div class=\"wp-block-columns is-layout-flex wp-container-core-columns-is-layout-9d6595d7 wp-block-columns-is-layout-flex\">\n<div class=\"wp-block-column ticss-4ce656f1 is-layout-flow wp-block-column-is-layout-flow\"><div class=\"wp-block-image is-style-rounded\">\n<figure class=\"aligncenter size-full is-resized\"><a href=\"https:\/\/tcgshop-moers.com\/\"><img loading=\"lazy\" decoding=\"async\" width=\"500\" height=\"500\" src=\"https:\/\/jdtec.eu\/wp-content\/uploads\/2025\/08\/tcg.jpg\" alt=\"\" class=\"wp-image-124\" style=\"width:124px;height:auto\" srcset=\"https:\/\/jdtec.eu\/wp-content\/uploads\/2025\/08\/tcg.jpg 500w, https:\/\/jdtec.eu\/wp-content\/uploads\/2025\/08\/tcg-300x300.jpg 300w, https:\/\/jdtec.eu\/wp-content\/uploads\/2025\/08\/tcg-150x150.jpg 150w\" sizes=\"auto, (max-width: 500px) 100vw, 500px\" \/><\/a><\/figure>\n<\/div>\n\n\n<p class=\"has-text-align-center has-nv-text-dark-bg-color has-text-color has-link-color wp-elements-813b2625ec2428a35a32451eb6ce15c7\">\u201cSeit wir mit jd.tec zusammenarbeiten, haben sich unsere Prozesse deutlich verbessert und wir erhalten sofortige Unterst\u00fctzung bei allen technischen Anliegen. Die Umsetzung erfolgt zuverl\u00e4ssig und termintreu \u2013 eine echte Bereicherung f\u00fcr unseren TCG Shop.\u201c<\/p>\n\n\n\n<p class=\"has-text-align-center has-nv-text-dark-bg-color has-text-color has-small-font-size\" style=\"text-transform:uppercase\"><strong>Ulf\u202fPfeiffer, TCG Shop Moers<\/strong><\/p>\n\n\n\n<div style=\"height:20px\" aria-hidden=\"true\" class=\"wp-block-spacer\"><\/div>\n<\/div>\n\n\n\n<div class=\"wp-block-column ticss-f6fc7494 is-layout-flow wp-block-column-is-layout-flow\"><div class=\"wp-block-image is-style-rounded\">\n<figure class=\"aligncenter size-full is-resized\"><a href=\"https:\/\/schmunzelland.de\/\"><img loading=\"lazy\" decoding=\"async\" width=\"500\" height=\"500\" src=\"https:\/\/jdtec.eu\/wp-content\/uploads\/2025\/08\/schmunzelland.jpg\" alt=\"\" class=\"wp-image-125\" style=\"width:126px;height:auto\" srcset=\"https:\/\/jdtec.eu\/wp-content\/uploads\/2025\/08\/schmunzelland.jpg 500w, https:\/\/jdtec.eu\/wp-content\/uploads\/2025\/08\/schmunzelland-300x300.jpg 300w, https:\/\/jdtec.eu\/wp-content\/uploads\/2025\/08\/schmunzelland-150x150.jpg 150w\" sizes=\"auto, (max-width: 500px) 100vw, 500px\" \/><\/a><\/figure>\n<\/div>\n\n\n<p class=\"has-text-align-center has-nv-text-dark-bg-color has-text-color\">\u201cDank jd.tec haben wir jetzt einen Shop, der genau zu uns passt: \u00dcbersichtlich, stabil und leicht zu bedienen, ebenso die Wawi. Die Zusammenarbeit war unkompliziert, ehrlich und immer auf den Punkt \u2013 so stelle ich mir einen guten Partner vor.\u201d<\/p>\n\n\n\n<div style=\"height:1px\" aria-hidden=\"true\" class=\"wp-block-spacer\"><\/div>\n\n\n\n<p class=\"has-text-align-center has-nv-text-dark-bg-color has-text-color has-small-font-size\" style=\"text-transform:uppercase\"><strong>Stefan Frentzen, Schmunzelland<\/strong><\/p>\n\n\n\n<div style=\"height:20px\" aria-hidden=\"true\" class=\"wp-block-spacer\"><\/div>\n<\/div>\n\n\n\n<div class=\"wp-block-column ticss-a5b4df29 is-layout-flow wp-block-column-is-layout-flow\"><div class=\"wp-block-image is-style-rounded\">\n<figure class=\"aligncenter size-full is-resized\"><a href=\"https:\/\/wvet.de\/\"><img loading=\"lazy\" decoding=\"async\" width=\"500\" height=\"500\" src=\"https:\/\/jdtec.eu\/wp-content\/uploads\/2025\/08\/Wvet.jpg\" alt=\"\" class=\"wp-image-126\" style=\"aspect-ratio:1;width:126px;height:auto\" srcset=\"https:\/\/jdtec.eu\/wp-content\/uploads\/2025\/08\/Wvet.jpg 500w, https:\/\/jdtec.eu\/wp-content\/uploads\/2025\/08\/Wvet-300x300.jpg 300w, https:\/\/jdtec.eu\/wp-content\/uploads\/2025\/08\/Wvet-150x150.jpg 150w\" sizes=\"auto, (max-width: 500px) 100vw, 500px\" \/><\/a><\/figure>\n<\/div>\n\n\n<p class=\"has-text-align-center has-nv-text-dark-bg-color has-text-color\">\u201cMit jd.tec haben wir endlich einen Servicepartner gefunden, der nicht nur unsere Anforderungen versteht, sondern sie auch zuverl\u00e4ssig und schnell umsetzt. Die Zusammenarbeit ist unkompliziert, professionell und stets auf Augenh\u00f6he \u2013 so macht Digitalisierung wirklich Spa\u00df!\u201d<\/p>\n\n\n\n<p class=\"has-text-align-center has-nv-text-dark-bg-color has-text-color has-small-font-size\" style=\"text-transform:uppercase\"><strong>Sarah Grashorn<\/strong>, <strong>Wvet<\/strong><\/p>\n\n\n\n<div style=\"height:20px\" aria-hidden=\"true\" class=\"wp-block-spacer\"><\/div>\n<\/div>\n<\/div>\n\n\n\n<div style=\"height:0px\" aria-hidden=\"true\" class=\"wp-block-spacer\"><\/div>\n<\/div><\/div>\n\n\n\n<div class=\"wp-block-cover alignfull\" style=\"min-height:300px;aspect-ratio:unset;\"><span aria-hidden=\"true\" class=\"wp-block-cover__background has-neve-link-color-background-color has-background-dim-100 has-background-dim\"><\/span><div class=\"wp-block-cover__inner-container is-layout-flow wp-block-cover-is-layout-flow\">\n<div style=\"height:140px\" aria-hidden=\"true\" class=\"wp-block-spacer\"><\/div>\n\n\n\n<div class=\"wp-block-columns is-layout-flex wp-container-core-columns-is-layout-9d6595d7 wp-block-columns-is-layout-flex\">\n<div class=\"wp-block-column is-layout-flow wp-block-column-is-layout-flow\" style=\"flex-basis:20%\"><\/div>\n\n\n\n<div class=\"wp-block-column is-layout-flow wp-block-column-is-layout-flow\" style=\"flex-basis:60%\">\n<div class=\"wp-block-group\"><div class=\"wp-block-group__inner-container is-layout-constrained wp-block-group-is-layout-constrained\">\n<h2 class=\"wp-block-heading has-text-align-center o-typing-delay-100ms has-nv-text-dark-bg-color has-text-color\"><o-anim-typing>Unsere Philosophie<\/o-anim-typing><\/h2>\n\n\n\n<p class=\"has-text-align-center has-nv-text-dark-bg-color has-text-color has-link-color wp-elements-e582b9238fc9f5b57a7107fe01808e10\">Wir sind nicht EIN Servicepartner f\u00fcr JTL, wir sind DEIN Servicepartner.<br>Kein schn\u00f6der Dienstleister sondern ein Partner an deiner Seite der dich durch die Turbulente Welt des Onlinehandels begleitet. <br><br>Wir halten mit unserem Wissen nicht hinterm Berg, wenn du lernen m\u00f6chtest wie etwas funktioniert und du es selber machen m\u00f6chtest, ist das kein Problem. Wir bringen dir das bei.<\/p>\n\n\n\n<div class=\"wp-block-buttons is-horizontal is-content-justification-center is-layout-flex wp-container-core-buttons-is-layout-499968f5 wp-block-buttons-is-layout-flex\">\n<div class=\"wp-block-button is-style-primary\"><a class=\"wp-block-button__link has-neve-link-color-color has-text-color has-background has-link-color wp-element-button\" href=\"https:\/\/jdtec.eu\/index.php\/contact\/\" style=\"background-color:#ffffff\">Jetzt kontaktieren<\/a><\/div>\n<\/div>\n\n\n\n<p><\/p>\n<\/div><\/div>\n<\/div>\n\n\n\n<div class=\"wp-block-column is-layout-flow wp-block-column-is-layout-flow\" style=\"flex-basis:20%\"><\/div>\n<\/div>\n\n\n\n<div style=\"height:140px\" aria-hidden=\"true\" class=\"wp-block-spacer\"><\/div>\n<\/div><\/div>\n\n\n\n<p><\/p>\n","protected":false},"excerpt":{"rendered":"<p>Business Unser Wissen endet nicht bei JTL. Wir sind dir gerne auch bei allem anderen behilflich JTL &#8211; Shop Dein Shop gef\u00e4llt dir nicht mehr, oder du startest gerade und brauchst einen? Wir machen das f\u00fcr dich JTL &#8211; WaWi Workflow, Anbindung oder Analysetools, Im- und Export? Kein Problem f\u00fcr uns. Shopware Installation, Layout und&hellip;&nbsp;<a href=\"https:\/\/jdtec.eu\/\" rel=\"bookmark\"><span class=\"screen-reader-text\">Startseite<\/span><\/a><\/p>\n","protected":false},"author":1,"featured_media":0,"parent":0,"menu_order":0,"comment_status":"closed","ping_status":"closed","template":"","meta":{"neve_meta_sidebar":"","neve_meta_container":"","neve_meta_enable_content_width":"on","neve_meta_content_width":100,"neve_meta_title_alignment":"","neve_meta_author_avatar":"","neve_post_elements_order":"","neve_meta_disable_header":"","neve_meta_disable_footer":"","neve_meta_disable_title":"on","_themeisle_gutenberg_block_has_review":false,"footnotes":""},"class_list":["post-24","page","type-page","status-publish","hentry"],"yoast_head":"<!-- This site is optimized with the Yoast SEO plugin v26.0 - https:\/\/yoast.com\/wordpress\/plugins\/seo\/ -->\n<title>JTL-Servicepartner - jd.tec | IT-Service<\/title>\n<meta name=\"description\" content=\"IT-Dienstleistungen, JTL-Services &amp; Webl\u00f6sungen aus einer Hand. Ehrlich, zuverl\u00e4ssig &amp; individuell \u2013 Ihr Partner f\u00fcr jede IT-Herausforderung.\" \/>\n<meta name=\"robots\" content=\"index, follow, max-snippet:-1, max-image-preview:large, max-video-preview:-1\" \/>\n<link rel=\"canonical\" href=\"https:\/\/jdtec.eu\/\" \/>\n<meta property=\"og:locale\" content=\"de_DE\" \/>\n<meta property=\"og:type\" content=\"article\" \/>\n<meta property=\"og:title\" content=\"JTL-Servicepartner - jd.tec | IT-Service\" \/>\n<meta property=\"og:description\" content=\"IT-Dienstleistungen, JTL-Services &amp; Webl\u00f6sungen aus einer Hand. Ehrlich, zuverl\u00e4ssig &amp; individuell \u2013 Ihr Partner f\u00fcr jede IT-Herausforderung.\" \/>\n<meta property=\"og:url\" content=\"https:\/\/jdtec.eu\/\" \/>\n<meta property=\"og:site_name\" content=\"jd.tec | IT-Service\" \/>\n<meta property=\"article:publisher\" content=\"https:\/\/www.facebook.com\/jdtec.eu\" \/>\n<meta property=\"article:modified_time\" content=\"2025-09-23T13:10:33+00:00\" \/>\n<meta property=\"og:image\" content=\"https:\/\/jdtec.eu\/wp-content\/uploads\/2025\/07\/jdtec-hintergrund.png\" \/>\n\t<meta property=\"og:image:width\" content=\"1640\" \/>\n\t<meta property=\"og:image:height\" content=\"915\" \/>\n\t<meta property=\"og:image:type\" content=\"image\/png\" \/>\n<meta name=\"twitter:card\" content=\"summary_large_image\" \/>\n<meta name=\"twitter:label1\" content=\"Gesch\u00e4tzte Lesezeit\" \/>\n\t<meta name=\"twitter:data1\" content=\"4\u00a0Minuten\" \/>\n<script type=\"application\/ld+json\" class=\"yoast-schema-graph\">{\"@context\":\"https:\/\/schema.org\",\"@graph\":[{\"@type\":\"WebPage\",\"@id\":\"https:\/\/jdtec.eu\/\",\"url\":\"https:\/\/jdtec.eu\/\",\"name\":\"JTL-Servicepartner - jd.tec | IT-Service\",\"isPartOf\":{\"@id\":\"https:\/\/jdtec.eu\/#website\"},\"primaryImageOfPage\":{\"@id\":\"https:\/\/jdtec.eu\/#primaryimage\"},\"image\":{\"@id\":\"https:\/\/jdtec.eu\/#primaryimage\"},\"thumbnailUrl\":\"https:\/\/jdtec.eu\/wp-content\/uploads\/2025\/07\/jdtec-hintergrund-1024x571.png\",\"datePublished\":\"2025-07-01T20:20:05+00:00\",\"dateModified\":\"2025-09-23T13:10:33+00:00\",\"description\":\"IT-Dienstleistungen, JTL-Services & Webl\u00f6sungen aus einer Hand. Ehrlich, zuverl\u00e4ssig & individuell \u2013 Ihr Partner f\u00fcr jede IT-Herausforderung.\",\"breadcrumb\":{\"@id\":\"https:\/\/jdtec.eu\/#breadcrumb\"},\"inLanguage\":\"de\",\"potentialAction\":[{\"@type\":\"ReadAction\",\"target\":[\"https:\/\/jdtec.eu\/\"]}]},{\"@type\":\"ImageObject\",\"inLanguage\":\"de\",\"@id\":\"https:\/\/jdtec.eu\/#primaryimage\",\"url\":\"https:\/\/jdtec.eu\/wp-content\/uploads\/2025\/07\/jdtec-hintergrund.png\",\"contentUrl\":\"https:\/\/jdtec.eu\/wp-content\/uploads\/2025\/07\/jdtec-hintergrund.png\",\"width\":1640,\"height\":915},{\"@type\":\"BreadcrumbList\",\"@id\":\"https:\/\/jdtec.eu\/#breadcrumb\",\"itemListElement\":[{\"@type\":\"ListItem\",\"position\":1,\"name\":\"Startseite\",\"item\":\"https:\/\/jdtec.eu\/\"},{\"@type\":\"ListItem\",\"position\":2,\"name\":\"Startseite\"}]},{\"@type\":\"WebSite\",\"@id\":\"https:\/\/jdtec.eu\/#website\",\"url\":\"https:\/\/jdtec.eu\/\",\"name\":\"jd.tec | IT-Service\",\"description\":\"\",\"publisher\":{\"@id\":\"https:\/\/jdtec.eu\/#organization\"},\"potentialAction\":[{\"@type\":\"SearchAction\",\"target\":{\"@type\":\"EntryPoint\",\"urlTemplate\":\"https:\/\/jdtec.eu\/?s={search_term_string}\"},\"query-input\":{\"@type\":\"PropertyValueSpecification\",\"valueRequired\":true,\"valueName\":\"search_term_string\"}}],\"inLanguage\":\"de\"},{\"@type\":\"Organization\",\"@id\":\"https:\/\/jdtec.eu\/#organization\",\"name\":\"jd.tec | IT-Service\",\"url\":\"https:\/\/jdtec.eu\/\",\"logo\":{\"@type\":\"ImageObject\",\"inLanguage\":\"de\",\"@id\":\"https:\/\/jdtec.eu\/#\/schema\/logo\/image\/\",\"url\":\"https:\/\/jdtec.eu\/wp-content\/uploads\/2025\/07\/cropped-logo_transparent.png\",\"contentUrl\":\"https:\/\/jdtec.eu\/wp-content\/uploads\/2025\/07\/cropped-logo_transparent.png\",\"width\":200,\"height\":92,\"caption\":\"jd.tec | IT-Service\"},\"image\":{\"@id\":\"https:\/\/jdtec.eu\/#\/schema\/logo\/image\/\"},\"sameAs\":[\"https:\/\/www.facebook.com\/jdtec.eu\"]}]}<\/script>\n<!-- \/ Yoast SEO plugin. -->","yoast_head_json":{"title":"JTL-Servicepartner - jd.tec | IT-Service","description":"IT-Dienstleistungen, JTL-Services & Webl\u00f6sungen aus einer Hand. Ehrlich, zuverl\u00e4ssig & individuell \u2013 Ihr Partner f\u00fcr jede IT-Herausforderung.","robots":{"index":"index","follow":"follow","max-snippet":"max-snippet:-1","max-image-preview":"max-image-preview:large","max-video-preview":"max-video-preview:-1"},"canonical":"https:\/\/jdtec.eu\/","og_locale":"de_DE","og_type":"article","og_title":"JTL-Servicepartner - jd.tec | IT-Service","og_description":"IT-Dienstleistungen, JTL-Services & Webl\u00f6sungen aus einer Hand. Ehrlich, zuverl\u00e4ssig & individuell \u2013 Ihr Partner f\u00fcr jede IT-Herausforderung.","og_url":"https:\/\/jdtec.eu\/","og_site_name":"jd.tec | IT-Service","article_publisher":"https:\/\/www.facebook.com\/jdtec.eu","article_modified_time":"2025-09-23T13:10:33+00:00","og_image":[{"width":1640,"height":915,"url":"https:\/\/jdtec.eu\/wp-content\/uploads\/2025\/07\/jdtec-hintergrund.png","type":"image\/png"}],"twitter_card":"summary_large_image","twitter_misc":{"Gesch\u00e4tzte Lesezeit":"4\u00a0Minuten"},"schema":{"@context":"https:\/\/schema.org","@graph":[{"@type":"WebPage","@id":"https:\/\/jdtec.eu\/","url":"https:\/\/jdtec.eu\/","name":"JTL-Servicepartner - jd.tec | IT-Service","isPartOf":{"@id":"https:\/\/jdtec.eu\/#website"},"primaryImageOfPage":{"@id":"https:\/\/jdtec.eu\/#primaryimage"},"image":{"@id":"https:\/\/jdtec.eu\/#primaryimage"},"thumbnailUrl":"https:\/\/jdtec.eu\/wp-content\/uploads\/2025\/07\/jdtec-hintergrund-1024x571.png","datePublished":"2025-07-01T20:20:05+00:00","dateModified":"2025-09-23T13:10:33+00:00","description":"IT-Dienstleistungen, JTL-Services & Webl\u00f6sungen aus einer Hand. Ehrlich, zuverl\u00e4ssig & individuell \u2013 Ihr Partner f\u00fcr jede IT-Herausforderung.","breadcrumb":{"@id":"https:\/\/jdtec.eu\/#breadcrumb"},"inLanguage":"de","potentialAction":[{"@type":"ReadAction","target":["https:\/\/jdtec.eu\/"]}]},{"@type":"ImageObject","inLanguage":"de","@id":"https:\/\/jdtec.eu\/#primaryimage","url":"https:\/\/jdtec.eu\/wp-content\/uploads\/2025\/07\/jdtec-hintergrund.png","contentUrl":"https:\/\/jdtec.eu\/wp-content\/uploads\/2025\/07\/jdtec-hintergrund.png","width":1640,"height":915},{"@type":"BreadcrumbList","@id":"https:\/\/jdtec.eu\/#breadcrumb","itemListElement":[{"@type":"ListItem","position":1,"name":"Startseite","item":"https:\/\/jdtec.eu\/"},{"@type":"ListItem","position":2,"name":"Startseite"}]},{"@type":"WebSite","@id":"https:\/\/jdtec.eu\/#website","url":"https:\/\/jdtec.eu\/","name":"jd.tec | IT-Service","description":"","publisher":{"@id":"https:\/\/jdtec.eu\/#organization"},"potentialAction":[{"@type":"SearchAction","target":{"@type":"EntryPoint","urlTemplate":"https:\/\/jdtec.eu\/?s={search_term_string}"},"query-input":{"@type":"PropertyValueSpecification","valueRequired":true,"valueName":"search_term_string"}}],"inLanguage":"de"},{"@type":"Organization","@id":"https:\/\/jdtec.eu\/#organization","name":"jd.tec | IT-Service","url":"https:\/\/jdtec.eu\/","logo":{"@type":"ImageObject","inLanguage":"de","@id":"https:\/\/jdtec.eu\/#\/schema\/logo\/image\/","url":"https:\/\/jdtec.eu\/wp-content\/uploads\/2025\/07\/cropped-logo_transparent.png","contentUrl":"https:\/\/jdtec.eu\/wp-content\/uploads\/2025\/07\/cropped-logo_transparent.png","width":200,"height":92,"caption":"jd.tec | IT-Service"},"image":{"@id":"https:\/\/jdtec.eu\/#\/schema\/logo\/image\/"},"sameAs":["https:\/\/www.facebook.com\/jdtec.eu"]}]}},"_links":{"self":[{"href":"https:\/\/jdtec.eu\/index.php\/wp-json\/wp\/v2\/pages\/24","targetHints":{"allow":["GET"]}}],"collection":[{"href":"https:\/\/jdtec.eu\/index.php\/wp-json\/wp\/v2\/pages"}],"about":[{"href":"https:\/\/jdtec.eu\/index.php\/wp-json\/wp\/v2\/types\/page"}],"author":[{"embeddable":true,"href":"https:\/\/jdtec.eu\/index.php\/wp-json\/wp\/v2\/users\/1"}],"replies":[{"embeddable":true,"href":"https:\/\/jdtec.eu\/index.php\/wp-json\/wp\/v2\/comments?post=24"}],"version-history":[{"count":39,"href":"https:\/\/jdtec.eu\/index.php\/wp-json\/wp\/v2\/pages\/24\/revisions"}],"predecessor-version":[{"id":412,"href":"https:\/\/jdtec.eu\/index.php\/wp-json\/wp\/v2\/pages\/24\/revisions\/412"}],"wp:attachment":[{"href":"https:\/\/jdtec.eu\/index.php\/wp-json\/wp\/v2\/media?parent=24"}],"curies":[{"name":"wp","href":"https:\/\/api.w.org\/{rel}","templated":true}]}}