{"id":218,"date":"2025-08-11T22:43:14","date_gmt":"2025-08-11T20:43:14","guid":{"rendered":"https:\/\/jdtec.eu\/?page_id=218"},"modified":"2025-09-01T15:20:21","modified_gmt":"2025-09-01T13:20:21","slug":"jtl-scx","status":"publish","type":"page","link":"https:\/\/jdtec.eu\/index.php\/jtl-dienstleistunge\/jtl-scx\/","title":{"rendered":"JTL SCX \u2013 Deine Schnittstelle zu neuen Marktpl\u00e4tzen"},"content":{"rendered":"\n<figure class=\"wp-block-image size-large\"><img loading=\"lazy\" decoding=\"async\" width=\"1024\" height=\"683\" src=\"https:\/\/jdtec.eu\/wp-content\/uploads\/2025\/08\/IMG_0005-1024x683.png\" alt=\"\" class=\"wp-image-388\" srcset=\"https:\/\/jdtec.eu\/wp-content\/uploads\/2025\/08\/IMG_0005-1024x683.png 1024w, https:\/\/jdtec.eu\/wp-content\/uploads\/2025\/08\/IMG_0005-300x200.png 300w, https:\/\/jdtec.eu\/wp-content\/uploads\/2025\/08\/IMG_0005-768x512.png 768w, https:\/\/jdtec.eu\/wp-content\/uploads\/2025\/08\/IMG_0005-930x620.png 930w, https:\/\/jdtec.eu\/wp-content\/uploads\/2025\/08\/IMG_0005.png 1536w\" sizes=\"auto, (max-width: 1024px) 100vw, 1024px\" \/><\/figure>\n\n\n<p><strong data-start=\"227\" data-end=\"281\">JTL SCX \u2013 dein Sprungbrett auf neue Marktpl\u00e4tze!<\/strong><br data-start=\"281\" data-end=\"284\" \/>Mit der <strong data-start=\"292\" data-end=\"325\">Sales Channel Extension (SCX)<\/strong> von JTL bringst du deine Produkte ganz einfach auf Marktpl\u00e4tze wie <strong data-start=\"393\" data-end=\"471\">Otto, Kaufland, MediaMarkt, Saturn, Conrad, Voelkner, Hornbach oder TikTok<\/strong>.<br data-start=\"472\" data-end=\"475\" \/>Wir begleiten SCX seit der <strong data-start=\"502\" data-end=\"515\">Betaphase<\/strong> und sorgen daf\u00fcr, dass deine Anbindung reibungslos l\u00e4uft \u2013 vom ersten Setup bis zum erfolgreichen Multichannel-Verkauf.<\/p>\n\n\n<div style=\"height:60px\" aria-hidden=\"true\" class=\"wp-block-spacer\"><\/div>\n\n\n\n<div class=\"wp-block-columns is-layout-flex wp-container-core-columns-is-layout-9d6595d7 wp-block-columns-is-layout-flex\">\n<div class=\"wp-block-column is-layout-flow wp-block-column-is-layout-flow\" style=\"flex-basis:33.33%\">\n<figure class=\"wp-block-image size-large\"><img loading=\"lazy\" decoding=\"async\" width=\"683\" height=\"1024\" src=\"https:\/\/jdtec.eu\/wp-content\/uploads\/2025\/09\/JTL-SCX-Otto-Kaufland-Ebay-Amazon-schnittstelle-683x1024.png\" alt=\"\" class=\"wp-image-392\" srcset=\"https:\/\/jdtec.eu\/wp-content\/uploads\/2025\/09\/JTL-SCX-Otto-Kaufland-Ebay-Amazon-schnittstelle-683x1024.png 683w, https:\/\/jdtec.eu\/wp-content\/uploads\/2025\/09\/JTL-SCX-Otto-Kaufland-Ebay-Amazon-schnittstelle-200x300.png 200w, https:\/\/jdtec.eu\/wp-content\/uploads\/2025\/09\/JTL-SCX-Otto-Kaufland-Ebay-Amazon-schnittstelle-768x1152.png 768w, https:\/\/jdtec.eu\/wp-content\/uploads\/2025\/09\/JTL-SCX-Otto-Kaufland-Ebay-Amazon-schnittstelle.png 1024w\" sizes=\"auto, (max-width: 683px) 100vw, 683px\" \/><\/figure>\n<\/div>\n\n\n\n<div class=\"wp-block-column is-layout-flow wp-block-column-is-layout-flow\" style=\"flex-basis:66.66%\">\n<div style=\"height:20px\" aria-hidden=\"true\" class=\"wp-block-spacer\"><\/div>\n\n\n\n<h2 class=\"wp-block-heading\">Unsere Leistungen<\/h2>\n\n\n\n<div id=\"wp-block-themeisle-blocks-icon-list-dcbd635f\" class=\"wp-block-themeisle-blocks-icon-list\">\n<div id=\"wp-block-themeisle-blocks-icon-list-item-16189a73\" class=\"wp-block-themeisle-blocks-icon-list-item\"><i class=\"fas fa-check wp-block-themeisle-blocks-icon-list-item-icon\"><\/i><p class=\"wp-block-themeisle-blocks-icon-list-item-content\"><strong>Beratung &amp; Strategie<\/strong><br>Analyse deiner Produkte und Verkaufskan\u00e4le, um die passenden Marktpl\u00e4tze auszuw\u00e4hlen.<\/p><\/div>\n\n\n\n<div id=\"wp-block-themeisle-blocks-icon-list-item-24118d3c\" class=\"wp-block-themeisle-blocks-icon-list-item\"><i class=\"fas fa-check wp-block-themeisle-blocks-icon-list-item-icon\"><\/i><p class=\"wp-block-themeisle-blocks-icon-list-item-content\"><strong>Einrichtung &amp; Anbindung<\/strong><br>Technische Implementierung der JTL SCX Schnittstelle und Anbindung an Marktpl\u00e4tze wie Otto.de, Kaufland.de, Mediamarkt, Saturn &amp; mehr.<\/p><\/div>\n\n\n\n<div id=\"wp-block-themeisle-blocks-icon-list-item-8230129b\" class=\"wp-block-themeisle-blocks-icon-list-item\"><i class=\"fas fa-check wp-block-themeisle-blocks-icon-list-item-icon\"><\/i><p class=\"wp-block-themeisle-blocks-icon-list-item-content\"><strong>Onboarding &amp; Schulung<\/strong><br>Unterst\u00fctzung beim Start, inklusive Einf\u00fchrung f\u00fcr dein Team.<\/p><\/div>\n\n\n\n<div id=\"wp-block-themeisle-blocks-icon-list-item-38e51f56\" class=\"wp-block-themeisle-blocks-icon-list-item\"><i class=\"fas fa-check wp-block-themeisle-blocks-icon-list-item-icon\"><\/i><p class=\"wp-block-themeisle-blocks-icon-list-item-content\"><strong>Prozessoptimierung<\/strong><br>Automatisierung von Bestellungen, Lagerbest\u00e4nden und Preissteuerung direkt aus JTL heraus.<\/p><\/div>\n\n\n\n<div id=\"wp-block-themeisle-blocks-icon-list-item-8d900370\" class=\"wp-block-themeisle-blocks-icon-list-item\"><i class=\"fas fa-check wp-block-themeisle-blocks-icon-list-item-icon\"><\/i><p class=\"wp-block-themeisle-blocks-icon-list-item-content\"><strong>Support &amp; Betreuung<\/strong><br>Laufende Unterst\u00fctzung bei Updates, Fehlerbehebungen und Erweiterungen deiner Marktplatzstrategie.<\/p><\/div>\n<\/div>\n<\/div>\n<\/div>\n\n\n\n<div style=\"height:60px\" aria-hidden=\"true\" class=\"wp-block-spacer\"><\/div>\n\n\n<p data-start=\"755\" data-end=\"987\">Die Zukunft des Onlinehandels ist <strong data-start=\"789\" data-end=\"805\">multichannel<\/strong>. Mit der <strong data-start=\"815\" data-end=\"852\">JTL Sales Channel Extension (SCX)<\/strong> steuerst du deine Produkte, Best\u00e4nde und Auftr\u00e4ge zentral \u00fcber JTL-Wawi und verkaufst gleichzeitig auf den wichtigsten Marktpl\u00e4tzen.<\/p>\n<p data-start=\"989\" data-end=\"1194\">Wir sind seit der <strong data-start=\"1007\" data-end=\"1028\">Betaphase von SCX<\/strong> dabei und kennen die Plattform aus dem Effeff. Als <strong data-start=\"1080\" data-end=\"1117\">zertifizierter JTL Servicepartner<\/strong> haben wir bereits zahlreiche H\u00e4ndler erfolgreich auf neue Kan\u00e4le gebracht.<\/p>\n<p data-start=\"1196\" data-end=\"1262\">Heute kannst du \u00fcber SCX unter anderem diese Marktpl\u00e4tze nutzen:<\/p>\n<p><strong data-start=\"1265\" data-end=\"1276\">Otto.de<\/strong> \u2013 voll zugreifbar und ein echter Umsatztreiber<br \/><strong data-start=\"1328\" data-end=\"1340\">Kaufland<\/strong> (DE, CZ, SK, AT, PL)<br \/><strong data-start=\"1366\" data-end=\"1389\">MediaMarkt &amp; Saturn<br \/><\/strong><strong data-start=\"1394\" data-end=\"1415\">Conrad &amp; Voelkner <\/strong><strong data-start=\"1394\" data-end=\"1415\"><br \/><\/strong><strong data-start=\"1420\" data-end=\"1432\">Hornbach<\/strong><strong data-start=\"1420\" data-end=\"1432\"><br \/><\/strong><strong data-start=\"1437\" data-end=\"1452\">TikTok Shop<\/strong> f\u00fcr Social Commerce<\/p>\n<p data-start=\"1476\" data-end=\"1596\">Dazu kommen st\u00e4ndig neue Anbindungen wie <strong data-start=\"1517\" data-end=\"1547\">Galaxus, Allegro oder Temu<\/strong>, die du mit SCX fr\u00fchzeitig erschlie\u00dfen kannst.<\/p>\n\n\n<div class=\"wp-block-buttons is-content-justification-center is-layout-flex wp-container-core-buttons-is-layout-16018d1d wp-block-buttons-is-layout-flex\">\n<div class=\"wp-block-button\"><a class=\"wp-block-button__link wp-element-button\" href=\"https:\/\/jdtec.eu\/index.php\/contact\/\">Jetzt mit SCX starten<\/a><\/div>\n<\/div>\n\n\n\n<div style=\"height:100px\" aria-hidden=\"true\" class=\"wp-block-spacer\"><\/div>\n\n\n\n<p><\/p>\n","protected":false},"excerpt":{"rendered":"<p>JTL SCX \u2013 dein Sprungbrett auf neue Marktpl\u00e4tze!Mit der Sales Channel Extension (SCX) von JTL bringst du deine Produkte ganz einfach auf Marktpl\u00e4tze wie Otto, Kaufland, MediaMarkt, Saturn, Conrad, Voelkner, Hornbach oder TikTok.Wir begleiten SCX seit der Betaphase und sorgen daf\u00fcr, dass deine Anbindung reibungslos l\u00e4uft \u2013 vom ersten Setup bis zum erfolgreichen Multichannel-Verkauf. Unsere&hellip;&nbsp;<a href=\"https:\/\/jdtec.eu\/index.php\/jtl-dienstleistunge\/jtl-scx\/\" rel=\"bookmark\"><span class=\"screen-reader-text\">JTL SCX \u2013 Deine Schnittstelle zu neuen Marktpl\u00e4tzen<\/span><\/a><\/p>\n","protected":false},"author":1,"featured_media":0,"parent":53,"menu_order":0,"comment_status":"closed","ping_status":"closed","template":"","meta":{"neve_meta_sidebar":"","neve_meta_container":"","neve_meta_enable_content_width":"","neve_meta_content_width":0,"neve_meta_title_alignment":"","neve_meta_author_avatar":"","neve_post_elements_order":"","neve_meta_disable_header":"","neve_meta_disable_footer":"","neve_meta_disable_title":"","_themeisle_gutenberg_block_has_review":false,"footnotes":""},"class_list":["post-218","page","type-page","status-publish","hentry"],"yoast_head":"<!-- This site is optimized with the Yoast SEO plugin v26.0 - https:\/\/yoast.com\/wordpress\/plugins\/seo\/ -->\n<title>JTL SCX Anbindung | Dein JTL Servicepartner f\u00fcr Marktpl\u00e4tze<\/title>\n<meta name=\"description\" content=\"Starte mit JTL SCX auf Otto, Kaufland, Hornbach, TikTok &amp; Co. \u2013 Setup, Betreuung &amp; Multichannel-Wachstum.\" \/>\n<meta name=\"robots\" content=\"index, follow, max-snippet:-1, max-image-preview:large, max-video-preview:-1\" \/>\n<link rel=\"canonical\" href=\"https:\/\/jdtec.eu\/index.php\/jtl-dienstleistunge\/jtl-scx\/\" \/>\n<meta property=\"og:locale\" content=\"de_DE\" \/>\n<meta property=\"og:type\" content=\"article\" \/>\n<meta property=\"og:title\" content=\"JTL SCX Anbindung | Dein JTL Servicepartner f\u00fcr Marktpl\u00e4tze\" \/>\n<meta property=\"og:description\" content=\"Starte mit JTL SCX auf Otto, Kaufland, Hornbach, TikTok &amp; Co. \u2013 Setup, Betreuung &amp; Multichannel-Wachstum.\" \/>\n<meta property=\"og:url\" content=\"https:\/\/jdtec.eu\/index.php\/jtl-dienstleistunge\/jtl-scx\/\" \/>\n<meta property=\"og:site_name\" content=\"jd.tec | IT-Service\" \/>\n<meta property=\"article:publisher\" content=\"https:\/\/www.facebook.com\/jdtec.eu\" \/>\n<meta property=\"article:modified_time\" content=\"2025-09-01T13:20:21+00:00\" \/>\n<meta property=\"og:image\" content=\"https:\/\/jdtec.eu\/wp-content\/uploads\/2025\/08\/IMG_0005-1024x683.png\" \/>\n\t<meta property=\"og:image:width\" content=\"1024\" \/>\n\t<meta property=\"og:image:height\" content=\"683\" \/>\n\t<meta property=\"og:image:type\" content=\"image\/png\" \/>\n<meta name=\"twitter:card\" content=\"summary_large_image\" \/>\n<meta name=\"twitter:label1\" content=\"Gesch\u00e4tzte Lesezeit\" \/>\n\t<meta name=\"twitter:data1\" content=\"2\u00a0Minuten\" \/>\n<script type=\"application\/ld+json\" class=\"yoast-schema-graph\">{\"@context\":\"https:\/\/schema.org\",\"@graph\":[{\"@type\":\"WebPage\",\"@id\":\"https:\/\/jdtec.eu\/index.php\/jtl-dienstleistunge\/jtl-scx\/\",\"url\":\"https:\/\/jdtec.eu\/index.php\/jtl-dienstleistunge\/jtl-scx\/\",\"name\":\"JTL SCX Anbindung | Dein JTL Servicepartner f\u00fcr Marktpl\u00e4tze\",\"isPartOf\":{\"@id\":\"https:\/\/jdtec.eu\/#website\"},\"primaryImageOfPage\":{\"@id\":\"https:\/\/jdtec.eu\/index.php\/jtl-dienstleistunge\/jtl-scx\/#primaryimage\"},\"image\":{\"@id\":\"https:\/\/jdtec.eu\/index.php\/jtl-dienstleistunge\/jtl-scx\/#primaryimage\"},\"thumbnailUrl\":\"https:\/\/jdtec.eu\/wp-content\/uploads\/2025\/08\/IMG_0005-1024x683.png\",\"datePublished\":\"2025-08-11T20:43:14+00:00\",\"dateModified\":\"2025-09-01T13:20:21+00:00\",\"description\":\"Starte mit JTL SCX auf Otto, Kaufland, Hornbach, TikTok & Co. \u2013 Setup, Betreuung & Multichannel-Wachstum.\",\"breadcrumb\":{\"@id\":\"https:\/\/jdtec.eu\/index.php\/jtl-dienstleistunge\/jtl-scx\/#breadcrumb\"},\"inLanguage\":\"de\",\"potentialAction\":[{\"@type\":\"ReadAction\",\"target\":[\"https:\/\/jdtec.eu\/index.php\/jtl-dienstleistunge\/jtl-scx\/\"]}]},{\"@type\":\"ImageObject\",\"inLanguage\":\"de\",\"@id\":\"https:\/\/jdtec.eu\/index.php\/jtl-dienstleistunge\/jtl-scx\/#primaryimage\",\"url\":\"https:\/\/jdtec.eu\/wp-content\/uploads\/2025\/08\/IMG_0005.png\",\"contentUrl\":\"https:\/\/jdtec.eu\/wp-content\/uploads\/2025\/08\/IMG_0005.png\",\"width\":1536,\"height\":1024},{\"@type\":\"BreadcrumbList\",\"@id\":\"https:\/\/jdtec.eu\/index.php\/jtl-dienstleistunge\/jtl-scx\/#breadcrumb\",\"itemListElement\":[{\"@type\":\"ListItem\",\"position\":1,\"name\":\"Startseite\",\"item\":\"https:\/\/jdtec.eu\/\"},{\"@type\":\"ListItem\",\"position\":2,\"name\":\"JTL-Dienstleistungen \u2013 alles aus einer Hand\",\"item\":\"https:\/\/jdtec.eu\/index.php\/jtl-dienstleistunge\/\"},{\"@type\":\"ListItem\",\"position\":3,\"name\":\"JTL SCX \u2013 Deine Schnittstelle zu neuen Marktpl\u00e4tzen\"}]},{\"@type\":\"WebSite\",\"@id\":\"https:\/\/jdtec.eu\/#website\",\"url\":\"https:\/\/jdtec.eu\/\",\"name\":\"jd.tec | IT-Service\",\"description\":\"\",\"publisher\":{\"@id\":\"https:\/\/jdtec.eu\/#organization\"},\"potentialAction\":[{\"@type\":\"SearchAction\",\"target\":{\"@type\":\"EntryPoint\",\"urlTemplate\":\"https:\/\/jdtec.eu\/?s={search_term_string}\"},\"query-input\":{\"@type\":\"PropertyValueSpecification\",\"valueRequired\":true,\"valueName\":\"search_term_string\"}}],\"inLanguage\":\"de\"},{\"@type\":\"Organization\",\"@id\":\"https:\/\/jdtec.eu\/#organization\",\"name\":\"jd.tec | IT-Service\",\"url\":\"https:\/\/jdtec.eu\/\",\"logo\":{\"@type\":\"ImageObject\",\"inLanguage\":\"de\",\"@id\":\"https:\/\/jdtec.eu\/#\/schema\/logo\/image\/\",\"url\":\"https:\/\/jdtec.eu\/wp-content\/uploads\/2025\/07\/cropped-logo_transparent.png\",\"contentUrl\":\"https:\/\/jdtec.eu\/wp-content\/uploads\/2025\/07\/cropped-logo_transparent.png\",\"width\":200,\"height\":92,\"caption\":\"jd.tec | IT-Service\"},\"image\":{\"@id\":\"https:\/\/jdtec.eu\/#\/schema\/logo\/image\/\"},\"sameAs\":[\"https:\/\/www.facebook.com\/jdtec.eu\"]}]}<\/script>\n<!-- \/ Yoast SEO plugin. -->","yoast_head_json":{"title":"JTL SCX Anbindung | Dein JTL Servicepartner f\u00fcr Marktpl\u00e4tze","description":"Starte mit JTL SCX auf Otto, Kaufland, Hornbach, TikTok & Co. \u2013 Setup, Betreuung & Multichannel-Wachstum.","robots":{"index":"index","follow":"follow","max-snippet":"max-snippet:-1","max-image-preview":"max-image-preview:large","max-video-preview":"max-video-preview:-1"},"canonical":"https:\/\/jdtec.eu\/index.php\/jtl-dienstleistunge\/jtl-scx\/","og_locale":"de_DE","og_type":"article","og_title":"JTL SCX Anbindung | Dein JTL Servicepartner f\u00fcr Marktpl\u00e4tze","og_description":"Starte mit JTL SCX auf Otto, Kaufland, Hornbach, TikTok & Co. \u2013 Setup, Betreuung & Multichannel-Wachstum.","og_url":"https:\/\/jdtec.eu\/index.php\/jtl-dienstleistunge\/jtl-scx\/","og_site_name":"jd.tec | IT-Service","article_publisher":"https:\/\/www.facebook.com\/jdtec.eu","article_modified_time":"2025-09-01T13:20:21+00:00","og_image":[{"width":1024,"height":683,"url":"https:\/\/jdtec.eu\/wp-content\/uploads\/2025\/08\/IMG_0005-1024x683.png","type":"image\/png"}],"twitter_card":"summary_large_image","twitter_misc":{"Gesch\u00e4tzte Lesezeit":"2\u00a0Minuten"},"schema":{"@context":"https:\/\/schema.org","@graph":[{"@type":"WebPage","@id":"https:\/\/jdtec.eu\/index.php\/jtl-dienstleistunge\/jtl-scx\/","url":"https:\/\/jdtec.eu\/index.php\/jtl-dienstleistunge\/jtl-scx\/","name":"JTL SCX Anbindung | Dein JTL Servicepartner f\u00fcr Marktpl\u00e4tze","isPartOf":{"@id":"https:\/\/jdtec.eu\/#website"},"primaryImageOfPage":{"@id":"https:\/\/jdtec.eu\/index.php\/jtl-dienstleistunge\/jtl-scx\/#primaryimage"},"image":{"@id":"https:\/\/jdtec.eu\/index.php\/jtl-dienstleistunge\/jtl-scx\/#primaryimage"},"thumbnailUrl":"https:\/\/jdtec.eu\/wp-content\/uploads\/2025\/08\/IMG_0005-1024x683.png","datePublished":"2025-08-11T20:43:14+00:00","dateModified":"2025-09-01T13:20:21+00:00","description":"Starte mit JTL SCX auf Otto, Kaufland, Hornbach, TikTok & Co. \u2013 Setup, Betreuung & Multichannel-Wachstum.","breadcrumb":{"@id":"https:\/\/jdtec.eu\/index.php\/jtl-dienstleistunge\/jtl-scx\/#breadcrumb"},"inLanguage":"de","potentialAction":[{"@type":"ReadAction","target":["https:\/\/jdtec.eu\/index.php\/jtl-dienstleistunge\/jtl-scx\/"]}]},{"@type":"ImageObject","inLanguage":"de","@id":"https:\/\/jdtec.eu\/index.php\/jtl-dienstleistunge\/jtl-scx\/#primaryimage","url":"https:\/\/jdtec.eu\/wp-content\/uploads\/2025\/08\/IMG_0005.png","contentUrl":"https:\/\/jdtec.eu\/wp-content\/uploads\/2025\/08\/IMG_0005.png","width":1536,"height":1024},{"@type":"BreadcrumbList","@id":"https:\/\/jdtec.eu\/index.php\/jtl-dienstleistunge\/jtl-scx\/#breadcrumb","itemListElement":[{"@type":"ListItem","position":1,"name":"Startseite","item":"https:\/\/jdtec.eu\/"},{"@type":"ListItem","position":2,"name":"JTL-Dienstleistungen \u2013 alles aus einer Hand","item":"https:\/\/jdtec.eu\/index.php\/jtl-dienstleistunge\/"},{"@type":"ListItem","position":3,"name":"JTL SCX \u2013 Deine Schnittstelle zu neuen Marktpl\u00e4tzen"}]},{"@type":"WebSite","@id":"https:\/\/jdtec.eu\/#website","url":"https:\/\/jdtec.eu\/","name":"jd.tec | IT-Service","description":"","publisher":{"@id":"https:\/\/jdtec.eu\/#organization"},"potentialAction":[{"@type":"SearchAction","target":{"@type":"EntryPoint","urlTemplate":"https:\/\/jdtec.eu\/?s={search_term_string}"},"query-input":{"@type":"PropertyValueSpecification","valueRequired":true,"valueName":"search_term_string"}}],"inLanguage":"de"},{"@type":"Organization","@id":"https:\/\/jdtec.eu\/#organization","name":"jd.tec | IT-Service","url":"https:\/\/jdtec.eu\/","logo":{"@type":"ImageObject","inLanguage":"de","@id":"https:\/\/jdtec.eu\/#\/schema\/logo\/image\/","url":"https:\/\/jdtec.eu\/wp-content\/uploads\/2025\/07\/cropped-logo_transparent.png","contentUrl":"https:\/\/jdtec.eu\/wp-content\/uploads\/2025\/07\/cropped-logo_transparent.png","width":200,"height":92,"caption":"jd.tec | IT-Service"},"image":{"@id":"https:\/\/jdtec.eu\/#\/schema\/logo\/image\/"},"sameAs":["https:\/\/www.facebook.com\/jdtec.eu"]}]}},"_links":{"self":[{"href":"https:\/\/jdtec.eu\/index.php\/wp-json\/wp\/v2\/pages\/218","targetHints":{"allow":["GET"]}}],"collection":[{"href":"https:\/\/jdtec.eu\/index.php\/wp-json\/wp\/v2\/pages"}],"about":[{"href":"https:\/\/jdtec.eu\/index.php\/wp-json\/wp\/v2\/types\/page"}],"author":[{"embeddable":true,"href":"https:\/\/jdtec.eu\/index.php\/wp-json\/wp\/v2\/users\/1"}],"replies":[{"embeddable":true,"href":"https:\/\/jdtec.eu\/index.php\/wp-json\/wp\/v2\/comments?post=218"}],"version-history":[{"count":5,"href":"https:\/\/jdtec.eu\/index.php\/wp-json\/wp\/v2\/pages\/218\/revisions"}],"predecessor-version":[{"id":397,"href":"https:\/\/jdtec.eu\/index.php\/wp-json\/wp\/v2\/pages\/218\/revisions\/397"}],"up":[{"embeddable":true,"href":"https:\/\/jdtec.eu\/index.php\/wp-json\/wp\/v2\/pages\/53"}],"wp:attachment":[{"href":"https:\/\/jdtec.eu\/index.php\/wp-json\/wp\/v2\/media?parent=218"}],"curies":[{"name":"wp","href":"https:\/\/api.w.org\/{rel}","templated":true}]}}