{"id":209,"date":"2025-08-11T22:40:33","date_gmt":"2025-08-11T20:40:33","guid":{"rendered":"https:\/\/jdtec.eu\/?page_id=209"},"modified":"2025-08-13T15:07:26","modified_gmt":"2025-08-13T13:07:26","slug":"it-dienstleistungen","status":"publish","type":"page","link":"https:\/\/jdtec.eu\/index.php\/it-dienstleistungen\/","title":{"rendered":"IT-Dienstleistungen"},"content":{"rendered":"\n<div class=\"wp-block-cover\"><img loading=\"lazy\" decoding=\"async\" width=\"1024\" height=\"683\" class=\"wp-block-cover__image-background wp-image-231\" alt=\"\" src=\"https:\/\/jdtec.eu\/wp-content\/uploads\/2025\/08\/IT-Dienstleistung-allgemein-jdtec-1024x683.png\" data-object-fit=\"cover\" srcset=\"https:\/\/jdtec.eu\/wp-content\/uploads\/2025\/08\/IT-Dienstleistung-allgemein-jdtec-1024x683.png 1024w, https:\/\/jdtec.eu\/wp-content\/uploads\/2025\/08\/IT-Dienstleistung-allgemein-jdtec-300x200.png 300w, https:\/\/jdtec.eu\/wp-content\/uploads\/2025\/08\/IT-Dienstleistung-allgemein-jdtec-768x512.png 768w, https:\/\/jdtec.eu\/wp-content\/uploads\/2025\/08\/IT-Dienstleistung-allgemein-jdtec-930x620.png 930w, https:\/\/jdtec.eu\/wp-content\/uploads\/2025\/08\/IT-Dienstleistung-allgemein-jdtec.png 1536w\" sizes=\"auto, (max-width: 1024px) 100vw, 1024px\" \/><span aria-hidden=\"true\" class=\"wp-block-cover__background has-background-dim\"><\/span><div class=\"wp-block-cover__inner-container is-layout-flow wp-block-cover-is-layout-flow\">\n<p class=\"has-text-align-center has-large-font-size\"><mark style=\"background-color:rgba(0, 0, 0, 0)\" class=\"has-inline-color has-nv-site-bg-color\">Unser Schwerpunkt ist JTL.<br>Wir verf\u00fcgen aber \u00fcber langj\u00e4hrige Praxiserfahrung in vielen weiteren Bereichen, die wir im Zusammenhang mit JTL-Projekten oder einzeln anbieten.<\/mark><\/p>\n<\/div><\/div>\n\n\n<p data-start=\"141\" data-end=\"413\">Was n\u00fctzt das beste Konzept, wenn der <strong data-start=\"179\" data-end=\"203\">Drucker nicht druckt<\/strong> oder neue <strong data-start=\"214\" data-end=\"250\">Mitarbeiter und Mitarbeiterinnen<\/strong> keinen <strong data-start=\"258\" data-end=\"277\">Netzwerkzugriff<\/strong> haben? Wir bieten <strong data-start=\"296\" data-end=\"320\">umfassende Betreuung<\/strong> f\u00fcr kleine und mittlere <strong data-start=\"345\" data-end=\"358\">Netzwerke<\/strong> \u2013 von der Fehlerbehebung bis zur proaktiven Wartung.<\/p>\n<p data-start=\"415\" data-end=\"662\">Besonders <strong data-start=\"425\" data-end=\"457\">JTL-Kunden und JTL-Kundinnen<\/strong> profitieren von unserem <strong data-start=\"482\" data-end=\"508\">Service aus einer Hand<\/strong>, ohne l\u00e4stige Schnittstellen zu verschiedenen IT-Dienstleistern. Nat\u00fcrlich betreuen wir auch <strong data-start=\"602\" data-end=\"633\">jedes andere Firmennetzwerk<\/strong> zuverl\u00e4ssig und effizient.<\/p>\n<p data-start=\"664\" data-end=\"944\">Dar\u00fcber hinaus <strong data-start=\"679\" data-end=\"710\">konzipieren und realisieren<\/strong> wir ma\u00dfgeschneiderte <strong data-start=\"732\" data-end=\"786\">Komplettl\u00f6sungen f\u00fcr Home-Office und Mobile-Office<\/strong>. F\u00fcr <strong data-start=\"792\" data-end=\"830\">JTL-Anwender und JTL-Anwenderinnen<\/strong> ergeben sich hier viele spannende M\u00f6glichkeiten \u2013 doch auch alle anderen <strong data-start=\"904\" data-end=\"911\">KMU<\/strong> sind bei uns in besten H\u00e4nden.<\/p>\n\n\n<div style=\"height:40px\" aria-hidden=\"true\" class=\"wp-block-spacer\"><\/div>\n\n\n\n<div class=\"wp-block-columns is-layout-flex wp-container-core-columns-is-layout-9d6595d7 wp-block-columns-is-layout-flex\">\n<div class=\"wp-block-column is-layout-flow wp-block-column-is-layout-flow\" style=\"flex-basis:33.33%\">\n<figure class=\"wp-block-image size-large\"><img loading=\"lazy\" decoding=\"async\" width=\"683\" height=\"1024\" src=\"https:\/\/jdtec.eu\/wp-content\/uploads\/2025\/08\/ChatGPT-Image-12.-Aug.-2025-13_46_03-683x1024.png\" alt=\"\" class=\"wp-image-232\" srcset=\"https:\/\/jdtec.eu\/wp-content\/uploads\/2025\/08\/ChatGPT-Image-12.-Aug.-2025-13_46_03-683x1024.png 683w, https:\/\/jdtec.eu\/wp-content\/uploads\/2025\/08\/ChatGPT-Image-12.-Aug.-2025-13_46_03-200x300.png 200w, https:\/\/jdtec.eu\/wp-content\/uploads\/2025\/08\/ChatGPT-Image-12.-Aug.-2025-13_46_03-768x1152.png 768w, https:\/\/jdtec.eu\/wp-content\/uploads\/2025\/08\/ChatGPT-Image-12.-Aug.-2025-13_46_03.png 1024w\" sizes=\"auto, (max-width: 683px) 100vw, 683px\" \/><\/figure>\n<\/div>\n\n\n\n<div class=\"wp-block-column is-layout-flow wp-block-column-is-layout-flow\" style=\"flex-basis:66.66%\">\n<p data-start=\"271\" data-end=\"486\">Wir \u00fcbernehmen die <strong data-start=\"290\" data-end=\"334\">komplette Betreuung von Firmennetzwerken<\/strong> mit bis zu <strong data-start=\"346\" data-end=\"367\">50 Arbeitspl\u00e4tzen<\/strong>, basierend auf den <strong data-start=\"387\" data-end=\"431\">Betriebssystemen Windows, Linux und Unix<\/strong> \u2013 sowohl <strong data-start=\"441\" data-end=\"457\">serverseitig<\/strong> als auch <strong data-start=\"467\" data-end=\"483\">clientseitig<\/strong>.<br \/>Unser Service deckt alle Phasen ab \u2013 von der <strong data-start=\"533\" data-end=\"544\">Planung<\/strong> bis zum <strong data-start=\"553\" data-end=\"574\">laufenden Support<\/strong> \u2013 und sorgt daf\u00fcr, dass Ihre IT zuverl\u00e4ssig, sicher und zukunftsf\u00e4hig bleibt.<\/p>\n<ul>\n<li><strong data-start=\"696\" data-end=\"710\">Konzeption<\/strong> und Planung neuer Netzwerke<\/li>\n<li><strong data-start=\"743\" data-end=\"761\">Modernisierung<\/strong> und <strong data-start=\"766\" data-end=\"776\">Ausbau<\/strong> bestehender IT-Infrastrukturen<\/li>\n<li><strong>Netzwerk\u00fcberwachung<\/strong> und proaktive Wartung<\/li>\n<li><strong data-start=\"862\" data-end=\"873\">Support<\/strong> bei Hard- und Software-Problemen<\/li>\n<li><strong data-start=\"911\" data-end=\"951\">Integration neuer digitaler Services<\/strong> und Anwendungen<\/li>\n<li data-start=\"970\" data-end=\"1034\">\n<p data-start=\"972\" data-end=\"1034\"><strong data-start=\"972\" data-end=\"984\">Beratung<\/strong> zur Optimierung von Workflows und IT-Sicherheit<\/p>\n<\/li>\n<\/ul>\n<p>Unsere Kunden in diesem Bereich sind <strong data-start=\"1073\" data-end=\"1123\">\u00fcberwiegend JTL-Anwender und JTL-Anwenderinnen<\/strong>, die unseren <strong data-start=\"1137\" data-end=\"1171\">\u201eAlles-aus-einer-Hand\u201c-Service<\/strong> besonders sch\u00e4tzen \u2013 wir betreuen aber selbstverst\u00e4ndlich auch <strong data-start=\"1235\" data-end=\"1266\">jede andere Unternehmens-IT<\/strong><\/p>\n<\/div>\n<\/div>\n\n\n\n<div style=\"height:40px\" aria-hidden=\"true\" class=\"wp-block-spacer\"><\/div>\n\n\n<p style=\"text-align: center;\">Gerade als <strong data-start=\"120\" data-end=\"149\">JTL-Kunde oder JTL-Kundin<\/strong> profitierst du von unserem <strong data-start=\"177\" data-end=\"209\">Alles-aus-einer-Hand-Service<\/strong> \u2013 egal, ob es um <strong data-start=\"227\" data-end=\"248\" data-is-only-node=\"\">Netzwerkbetreuung<\/strong>, <strong data-start=\"250\" data-end=\"280\">Hard- und Software-Support<\/strong>, <strong data-start=\"282\" data-end=\"303\">digitale Services<\/strong> oder <strong data-start=\"309\" data-end=\"340\">JTL-spezifische IT-L\u00f6sungen<\/strong> geht. Du kannst dich mit <strong data-start=\"366\" data-end=\"384\">jedem Anliegen<\/strong> rund um deine IT und JTL-Wawi an uns wenden \u2013 wir weisen dich nicht ab, sondern finden gemeinsam die <strong data-start=\"486\" data-end=\"502\">beste L\u00f6sung<\/strong> f\u00fcr dein Unternehmen.<\/p>\n\n\n<div class=\"wp-block-buttons is-content-justification-center is-layout-flex wp-container-core-buttons-is-layout-16018d1d wp-block-buttons-is-layout-flex\">\n<div class=\"wp-block-button\"><a class=\"wp-block-button__link wp-element-button\" href=\"https:\/\/jdtec.eu\/index.php\/contact\/\">Kontakt<\/a><\/div>\n<\/div>\n\n\n\n<div style=\"height:50px\" aria-hidden=\"true\" class=\"wp-block-spacer\"><\/div>\n\n\n\n<div class=\"wp-block-columns is-layout-flex wp-container-core-columns-is-layout-9d6595d7 wp-block-columns-is-layout-flex\">\n<div class=\"wp-block-column is-layout-flow wp-block-column-is-layout-flow\" style=\"flex-basis:66.66%\">\n<h2 class=\"wp-block-heading\">Remote Work\/ Homeoffice<\/h2>\n\n\n\n<p data-start=\"264\" data-end=\"678\"><strong data-start=\"264\" data-end=\"279\">Home-Office<\/strong> ist l\u00e4ngst mehr als nur ein Trend \u2013 der <strong data-start=\"320\" data-end=\"339\">sichere Zugriff<\/strong> auf Unternehmensdaten von <strong data-start=\"366\" data-end=\"377\">Zuhause<\/strong>, aus dem <strong data-start=\"387\" data-end=\"402\">Hotelzimmer<\/strong> oder sogar vom <strong data-start=\"418\" data-end=\"428\">Strand<\/strong> geh\u00f6rt heute zum Standard, den sich kein Unternehmen mehr leisten kann zu ignorieren. Auch <strong data-start=\"520\" data-end=\"539\">externe Partner<\/strong>, wie beispielsweise eine <strong data-start=\"565\" data-end=\"583\">Steuerberatung<\/strong>, profitieren von direktem, sicheren Zugriff \u2013 und sorgen so f\u00fcr effizientere Arbeitsabl\u00e4ufe.<\/p>\n<p data-start=\"680\" data-end=\"882\">Bei der <strong data-start=\"688\" data-end=\"702\">Einf\u00fchrung<\/strong> oder dem <strong data-start=\"712\" data-end=\"722\">Ausbau<\/strong> solcher Systeme achten wir auf h\u00f6chste <strong data-start=\"762\" data-end=\"779\">IT-Sicherheit<\/strong>, <strong data-start=\"781\" data-end=\"807\">Benutzerfreundlichkeit<\/strong> sowie <strong data-start=\"814\" data-end=\"831\">Verf\u00fcgbarkeit<\/strong> f\u00fcr unterschiedliche <strong data-start=\"853\" data-end=\"879\">mobile Betriebssysteme<\/strong>.<\/p>\n<p data-start=\"884\" data-end=\"1090\">Wir sind <strong data-start=\"893\" data-end=\"917\">herstellerunabh\u00e4ngig<\/strong> und setzen nicht auf \u201eeine Standardl\u00f6sung\u201c, sondern entwickeln und realisieren <strong data-start=\"997\" data-end=\"1028\">bedarfsgerechte IT-Konzepte<\/strong>, die exakt zu den Anforderungen deines Unternehmens passen.<\/p>\n<\/div>\n\n\n\n<div class=\"wp-block-column is-layout-flow wp-block-column-is-layout-flow\" style=\"flex-basis:33.33%\">\n<figure class=\"wp-block-gallery has-nested-images columns-default is-cropped wp-block-gallery-1 is-layout-flex wp-block-gallery-is-layout-flex\">\n<figure class=\"wp-block-image size-large\"><img loading=\"lazy\" decoding=\"async\" width=\"683\" height=\"1024\" data-id=\"238\" src=\"https:\/\/jdtec.eu\/wp-content\/uploads\/2025\/08\/Homeoffice-uebersicht-jdtec-zukunft-683x1024.png\" alt=\"\" class=\"wp-image-238\" srcset=\"https:\/\/jdtec.eu\/wp-content\/uploads\/2025\/08\/Homeoffice-uebersicht-jdtec-zukunft-683x1024.png 683w, https:\/\/jdtec.eu\/wp-content\/uploads\/2025\/08\/Homeoffice-uebersicht-jdtec-zukunft-200x300.png 200w, https:\/\/jdtec.eu\/wp-content\/uploads\/2025\/08\/Homeoffice-uebersicht-jdtec-zukunft-768x1152.png 768w, https:\/\/jdtec.eu\/wp-content\/uploads\/2025\/08\/Homeoffice-uebersicht-jdtec-zukunft.png 1024w\" sizes=\"auto, (max-width: 683px) 100vw, 683px\" \/><\/figure>\n<\/figure>\n<\/div>\n<\/div>\n","protected":false},"excerpt":{"rendered":"<p>Was n\u00fctzt das beste Konzept, wenn der Drucker nicht druckt oder neue Mitarbeiter und Mitarbeiterinnen keinen Netzwerkzugriff haben? Wir bieten umfassende Betreuung f\u00fcr kleine und mittlere Netzwerke \u2013 von der Fehlerbehebung bis zur proaktiven Wartung. Besonders JTL-Kunden und JTL-Kundinnen profitieren von unserem Service aus einer Hand, ohne l\u00e4stige Schnittstellen zu verschiedenen IT-Dienstleistern. Nat\u00fcrlich betreuen wir&hellip;&nbsp;<a href=\"https:\/\/jdtec.eu\/index.php\/it-dienstleistungen\/\" rel=\"bookmark\"><span class=\"screen-reader-text\">IT-Dienstleistungen<\/span><\/a><\/p>\n","protected":false},"author":1,"featured_media":0,"parent":0,"menu_order":0,"comment_status":"closed","ping_status":"closed","template":"","meta":{"neve_meta_sidebar":"","neve_meta_container":"","neve_meta_enable_content_width":"","neve_meta_content_width":0,"neve_meta_title_alignment":"","neve_meta_author_avatar":"","neve_post_elements_order":"","neve_meta_disable_header":"","neve_meta_disable_footer":"","neve_meta_disable_title":"","_themeisle_gutenberg_block_has_review":false,"footnotes":""},"class_list":["post-209","page","type-page","status-publish","hentry"],"yoast_head":"<!-- This site is optimized with the Yoast SEO plugin v26.0 - https:\/\/yoast.com\/wordpress\/plugins\/seo\/ -->\n<title>IT-Dienstleistungen - jd.tec | IT-Service<\/title>\n<meta name=\"description\" content=\"IT-L\u00f6sungen &amp; Netzwerkbetreuung f\u00fcr Unternehmen. jd.tec \u2013 Ihr Partner f\u00fcr jeden Fall, schnell, zuverl\u00e4ssig, aus einer Hand.\" \/>\n<meta name=\"robots\" content=\"index, follow, max-snippet:-1, max-image-preview:large, max-video-preview:-1\" \/>\n<link rel=\"canonical\" href=\"https:\/\/jdtec.eu\/index.php\/it-dienstleistungen\/\" \/>\n<meta property=\"og:locale\" content=\"de_DE\" \/>\n<meta property=\"og:type\" content=\"article\" \/>\n<meta property=\"og:title\" content=\"IT-Dienstleistungen - jd.tec | IT-Service\" \/>\n<meta property=\"og:description\" content=\"IT-L\u00f6sungen &amp; Netzwerkbetreuung f\u00fcr Unternehmen. jd.tec \u2013 Ihr Partner f\u00fcr jeden Fall, schnell, zuverl\u00e4ssig, aus einer Hand.\" \/>\n<meta property=\"og:url\" content=\"https:\/\/jdtec.eu\/index.php\/it-dienstleistungen\/\" \/>\n<meta property=\"og:site_name\" content=\"jd.tec | IT-Service\" \/>\n<meta property=\"article:publisher\" content=\"https:\/\/www.facebook.com\/jdtec.eu\" \/>\n<meta property=\"article:modified_time\" content=\"2025-08-13T13:07:26+00:00\" \/>\n<meta property=\"og:image\" content=\"https:\/\/jdtec.eu\/wp-content\/uploads\/2025\/08\/IT-Dienstleistung-allgemein-jdtec-1024x683.png\" \/>\n\t<meta property=\"og:image:width\" content=\"1024\" \/>\n\t<meta property=\"og:image:height\" content=\"683\" \/>\n\t<meta property=\"og:image:type\" content=\"image\/png\" \/>\n<meta name=\"twitter:card\" content=\"summary_large_image\" \/>\n<meta name=\"twitter:label1\" content=\"Gesch\u00e4tzte Lesezeit\" \/>\n\t<meta name=\"twitter:data1\" content=\"3\u00a0Minuten\" \/>\n<script type=\"application\/ld+json\" class=\"yoast-schema-graph\">{\"@context\":\"https:\/\/schema.org\",\"@graph\":[{\"@type\":\"WebPage\",\"@id\":\"https:\/\/jdtec.eu\/index.php\/it-dienstleistungen\/\",\"url\":\"https:\/\/jdtec.eu\/index.php\/it-dienstleistungen\/\",\"name\":\"IT-Dienstleistungen - jd.tec | IT-Service\",\"isPartOf\":{\"@id\":\"https:\/\/jdtec.eu\/#website\"},\"primaryImageOfPage\":{\"@id\":\"https:\/\/jdtec.eu\/index.php\/it-dienstleistungen\/#primaryimage\"},\"image\":{\"@id\":\"https:\/\/jdtec.eu\/index.php\/it-dienstleistungen\/#primaryimage\"},\"thumbnailUrl\":\"https:\/\/jdtec.eu\/wp-content\/uploads\/2025\/08\/IT-Dienstleistung-allgemein-jdtec-1024x683.png\",\"datePublished\":\"2025-08-11T20:40:33+00:00\",\"dateModified\":\"2025-08-13T13:07:26+00:00\",\"description\":\"IT-L\u00f6sungen & Netzwerkbetreuung f\u00fcr Unternehmen. jd.tec \u2013 Ihr Partner f\u00fcr jeden Fall, schnell, zuverl\u00e4ssig, aus einer Hand.\",\"breadcrumb\":{\"@id\":\"https:\/\/jdtec.eu\/index.php\/it-dienstleistungen\/#breadcrumb\"},\"inLanguage\":\"de\",\"potentialAction\":[{\"@type\":\"ReadAction\",\"target\":[\"https:\/\/jdtec.eu\/index.php\/it-dienstleistungen\/\"]}]},{\"@type\":\"ImageObject\",\"inLanguage\":\"de\",\"@id\":\"https:\/\/jdtec.eu\/index.php\/it-dienstleistungen\/#primaryimage\",\"url\":\"https:\/\/jdtec.eu\/wp-content\/uploads\/2025\/08\/IT-Dienstleistung-allgemein-jdtec.png\",\"contentUrl\":\"https:\/\/jdtec.eu\/wp-content\/uploads\/2025\/08\/IT-Dienstleistung-allgemein-jdtec.png\",\"width\":1536,\"height\":1024},{\"@type\":\"BreadcrumbList\",\"@id\":\"https:\/\/jdtec.eu\/index.php\/it-dienstleistungen\/#breadcrumb\",\"itemListElement\":[{\"@type\":\"ListItem\",\"position\":1,\"name\":\"Startseite\",\"item\":\"https:\/\/jdtec.eu\/\"},{\"@type\":\"ListItem\",\"position\":2,\"name\":\"IT-Dienstleistungen\"}]},{\"@type\":\"WebSite\",\"@id\":\"https:\/\/jdtec.eu\/#website\",\"url\":\"https:\/\/jdtec.eu\/\",\"name\":\"jd.tec | IT-Service\",\"description\":\"\",\"publisher\":{\"@id\":\"https:\/\/jdtec.eu\/#organization\"},\"potentialAction\":[{\"@type\":\"SearchAction\",\"target\":{\"@type\":\"EntryPoint\",\"urlTemplate\":\"https:\/\/jdtec.eu\/?s={search_term_string}\"},\"query-input\":{\"@type\":\"PropertyValueSpecification\",\"valueRequired\":true,\"valueName\":\"search_term_string\"}}],\"inLanguage\":\"de\"},{\"@type\":\"Organization\",\"@id\":\"https:\/\/jdtec.eu\/#organization\",\"name\":\"jd.tec | IT-Service\",\"url\":\"https:\/\/jdtec.eu\/\",\"logo\":{\"@type\":\"ImageObject\",\"inLanguage\":\"de\",\"@id\":\"https:\/\/jdtec.eu\/#\/schema\/logo\/image\/\",\"url\":\"https:\/\/jdtec.eu\/wp-content\/uploads\/2025\/07\/cropped-logo_transparent.png\",\"contentUrl\":\"https:\/\/jdtec.eu\/wp-content\/uploads\/2025\/07\/cropped-logo_transparent.png\",\"width\":200,\"height\":92,\"caption\":\"jd.tec | IT-Service\"},\"image\":{\"@id\":\"https:\/\/jdtec.eu\/#\/schema\/logo\/image\/\"},\"sameAs\":[\"https:\/\/www.facebook.com\/jdtec.eu\"]}]}<\/script>\n<!-- \/ Yoast SEO plugin. -->","yoast_head_json":{"title":"IT-Dienstleistungen - jd.tec | IT-Service","description":"IT-L\u00f6sungen & Netzwerkbetreuung f\u00fcr Unternehmen. jd.tec \u2013 Ihr Partner f\u00fcr jeden Fall, schnell, zuverl\u00e4ssig, aus einer Hand.","robots":{"index":"index","follow":"follow","max-snippet":"max-snippet:-1","max-image-preview":"max-image-preview:large","max-video-preview":"max-video-preview:-1"},"canonical":"https:\/\/jdtec.eu\/index.php\/it-dienstleistungen\/","og_locale":"de_DE","og_type":"article","og_title":"IT-Dienstleistungen - jd.tec | IT-Service","og_description":"IT-L\u00f6sungen & Netzwerkbetreuung f\u00fcr Unternehmen. jd.tec \u2013 Ihr Partner f\u00fcr jeden Fall, schnell, zuverl\u00e4ssig, aus einer Hand.","og_url":"https:\/\/jdtec.eu\/index.php\/it-dienstleistungen\/","og_site_name":"jd.tec | IT-Service","article_publisher":"https:\/\/www.facebook.com\/jdtec.eu","article_modified_time":"2025-08-13T13:07:26+00:00","og_image":[{"width":1024,"height":683,"url":"https:\/\/jdtec.eu\/wp-content\/uploads\/2025\/08\/IT-Dienstleistung-allgemein-jdtec-1024x683.png","type":"image\/png"}],"twitter_card":"summary_large_image","twitter_misc":{"Gesch\u00e4tzte Lesezeit":"3\u00a0Minuten"},"schema":{"@context":"https:\/\/schema.org","@graph":[{"@type":"WebPage","@id":"https:\/\/jdtec.eu\/index.php\/it-dienstleistungen\/","url":"https:\/\/jdtec.eu\/index.php\/it-dienstleistungen\/","name":"IT-Dienstleistungen - jd.tec | IT-Service","isPartOf":{"@id":"https:\/\/jdtec.eu\/#website"},"primaryImageOfPage":{"@id":"https:\/\/jdtec.eu\/index.php\/it-dienstleistungen\/#primaryimage"},"image":{"@id":"https:\/\/jdtec.eu\/index.php\/it-dienstleistungen\/#primaryimage"},"thumbnailUrl":"https:\/\/jdtec.eu\/wp-content\/uploads\/2025\/08\/IT-Dienstleistung-allgemein-jdtec-1024x683.png","datePublished":"2025-08-11T20:40:33+00:00","dateModified":"2025-08-13T13:07:26+00:00","description":"IT-L\u00f6sungen & Netzwerkbetreuung f\u00fcr Unternehmen. jd.tec \u2013 Ihr Partner f\u00fcr jeden Fall, schnell, zuverl\u00e4ssig, aus einer Hand.","breadcrumb":{"@id":"https:\/\/jdtec.eu\/index.php\/it-dienstleistungen\/#breadcrumb"},"inLanguage":"de","potentialAction":[{"@type":"ReadAction","target":["https:\/\/jdtec.eu\/index.php\/it-dienstleistungen\/"]}]},{"@type":"ImageObject","inLanguage":"de","@id":"https:\/\/jdtec.eu\/index.php\/it-dienstleistungen\/#primaryimage","url":"https:\/\/jdtec.eu\/wp-content\/uploads\/2025\/08\/IT-Dienstleistung-allgemein-jdtec.png","contentUrl":"https:\/\/jdtec.eu\/wp-content\/uploads\/2025\/08\/IT-Dienstleistung-allgemein-jdtec.png","width":1536,"height":1024},{"@type":"BreadcrumbList","@id":"https:\/\/jdtec.eu\/index.php\/it-dienstleistungen\/#breadcrumb","itemListElement":[{"@type":"ListItem","position":1,"name":"Startseite","item":"https:\/\/jdtec.eu\/"},{"@type":"ListItem","position":2,"name":"IT-Dienstleistungen"}]},{"@type":"WebSite","@id":"https:\/\/jdtec.eu\/#website","url":"https:\/\/jdtec.eu\/","name":"jd.tec | IT-Service","description":"","publisher":{"@id":"https:\/\/jdtec.eu\/#organization"},"potentialAction":[{"@type":"SearchAction","target":{"@type":"EntryPoint","urlTemplate":"https:\/\/jdtec.eu\/?s={search_term_string}"},"query-input":{"@type":"PropertyValueSpecification","valueRequired":true,"valueName":"search_term_string"}}],"inLanguage":"de"},{"@type":"Organization","@id":"https:\/\/jdtec.eu\/#organization","name":"jd.tec | IT-Service","url":"https:\/\/jdtec.eu\/","logo":{"@type":"ImageObject","inLanguage":"de","@id":"https:\/\/jdtec.eu\/#\/schema\/logo\/image\/","url":"https:\/\/jdtec.eu\/wp-content\/uploads\/2025\/07\/cropped-logo_transparent.png","contentUrl":"https:\/\/jdtec.eu\/wp-content\/uploads\/2025\/07\/cropped-logo_transparent.png","width":200,"height":92,"caption":"jd.tec | IT-Service"},"image":{"@id":"https:\/\/jdtec.eu\/#\/schema\/logo\/image\/"},"sameAs":["https:\/\/www.facebook.com\/jdtec.eu"]}]}},"_links":{"self":[{"href":"https:\/\/jdtec.eu\/index.php\/wp-json\/wp\/v2\/pages\/209","targetHints":{"allow":["GET"]}}],"collection":[{"href":"https:\/\/jdtec.eu\/index.php\/wp-json\/wp\/v2\/pages"}],"about":[{"href":"https:\/\/jdtec.eu\/index.php\/wp-json\/wp\/v2\/types\/page"}],"author":[{"embeddable":true,"href":"https:\/\/jdtec.eu\/index.php\/wp-json\/wp\/v2\/users\/1"}],"replies":[{"embeddable":true,"href":"https:\/\/jdtec.eu\/index.php\/wp-json\/wp\/v2\/comments?post=209"}],"version-history":[{"count":5,"href":"https:\/\/jdtec.eu\/index.php\/wp-json\/wp\/v2\/pages\/209\/revisions"}],"predecessor-version":[{"id":243,"href":"https:\/\/jdtec.eu\/index.php\/wp-json\/wp\/v2\/pages\/209\/revisions\/243"}],"wp:attachment":[{"href":"https:\/\/jdtec.eu\/index.php\/wp-json\/wp\/v2\/media?parent=209"}],"curies":[{"name":"wp","href":"https:\/\/api.w.org\/{rel}","templated":true}]}}